{"id":341,"date":"2020-11-23T09:49:57","date_gmt":"2020-11-23T08:49:57","guid":{"rendered":"http:\/\/www.citykamp.com\/chaletsderoos\/accueil\/"},"modified":"2025-12-01T15:49:58","modified_gmt":"2025-12-01T14:49:58","slug":"accueil","status":"publish","type":"page","link":"https:\/\/www.chaletsderoos.nl\/de\/","title":{"rendered":"Home"},"content":{"rendered":"<div class=\"wpb-content-wrapper\"><p>[vc_row][vc_column]<div class=\"wrappedcontent\">[vc_row_inner content_placement=&#8220;middle&#8220; gap=&#8220;25&#8243; css=&#8220;.vc_custom_1606122725331{margin-left: -0.5px !important;}&#8220;][vc_column_inner width=&#8220;2\/3&#8243;][vc_column_text css=&#8220;&#8220;]<\/p>\n<h3>Ihr Fereinhaus in Beerze-Ommen<\/h3>\n<p><span style=\"color: #23afc2; font-size: 14pt;\">Ge\u00f6ffnet vom 02\/04\/2026 bis 25\/10\/2026<br \/>\n<\/span><\/p>\n<p>Buchen Sie Ihr Ferienhaus in Ommen in der wundersch\u00f6nen Region Overijssel.<br \/>\nNur 2 Stunden von Amsterdam entfernt finden Sie sich im Herzen einer herrlichen nat\u00fcrlichen Umgebung wieder.[\/vc_column_text][\/vc_column_inner][vc_column_inner width=&#8220;1\/3&#8243; css=&#8220;.vc_custom_1606122738674{padding-top: 15px !important;padding-right: 15px !important;padding-bottom: 15px !important;padding-left: 15px !important;background-color: #23afc2 !important;}&#8220;][vc_column_text css=&#8220;.vc_custom_1607940297073{padding-top: 15px !important;padding-right: 15px !important;padding-bottom: 15px !important;padding-left: 15px !important;}&#8220;]<\/p>\n<h3 style=\"text-align: center;\"><span style=\"color: #ffffff;\">VORTEILE<\/span><\/h3>\n<h4 style=\"text-align: center;\"><span style=\"color: #ffffff;\"><strong><span style=\"font-size: 14pt;\">Voll ausgestattete Ferienh\u00e4user<br \/>\n27 ha unber\u00fchrte Natur<br \/>\n<\/span><\/strong><\/span><\/h4>\n<p>[\/vc_column_text][\/vc_column_inner][\/vc_row_inner]<\/div>[\/vc_column][\/vc_row][vc_row css=&#8220;.vc_custom_1606123134517{background-color: #e8e8e8 !important;}&#8220;][vc_column]<div class=\"wrappedcontent\">[vc_row_inner equal_height=&#8220;yes&#8220; gap=&#8220;35&#8243; css=&#8220;.vc_custom_1606123981061{margin-left: -0.5px !important;background-color: #ffffff !important;}&#8220;][vc_column_inner width=&#8220;1\/3&#8243;][vc_masonry_media_grid element_width=&#8220;12&#8243; gap=&#8220;0&#8243; grid_id=&#8220;vc_gid:1764600574588-49e68ad0-5262-3&#8243; include=&#8220;310&#8243;][\/vc_column_inner][vc_column_inner width=&#8220;2\/3&#8243;][vc_empty_space height=&#8220;20px&#8220;][vc_column_text]<\/p>\n<h3><span style=\"color: #23afc2;\">Ein Urlaub in der Natur<\/span><\/h3>\n<p>Entdecken Sie eine au\u00dfergew\u00f6hnlich nat\u00fcrliche Umgebung nur einen Katzensprung von Ommen entfernt und am Ufer der Vecht. Ihr Urlaub im Herzen der Natur &#8230;[\/vc_column_text][\/vc_column_inner][\/vc_row_inner][vc_empty_space height=&#8220;45px&#8220;][vc_row_inner equal_height=&#8220;yes&#8220; gap=&#8220;35&#8243; css=&#8220;.vc_custom_1606123987820{margin-left: -0.5px !important;background-color: #ffffff !important;}&#8220;][vc_column_inner width=&#8220;2\/3&#8243;][vc_empty_space height=&#8220;20px&#8220;][vc_column_text]<\/p>\n<h3><span style=\"color: #23afc2;\">Entdecken Sie die Chalets des Campingplatzes De Roos!<\/span><\/h3>\n<p>\u00dcbernachten Sie in sch\u00f6nen, voll ausgestatteten Ferienh\u00e4usern inmitten der Natur. Genie\u00dfen Sie komfortable und ger\u00e4umige Unterk\u00fcnfte: voll ausgestattete K\u00fcche, Wohnbereich mit Sofa, Bad, Schlafzimmer mit bequemen Betten und Waschbecken, Gasheizung (gegen Geb\u00fchr) und eine gro\u00dfe m\u00f6blierte Terrasse. Gro\u00dfer Pluspunkt: Ein gro\u00dfer Garten vor den Chalets um die Natur zu genie\u00dfen und mit den Kindern Ball zu spielen &#8230;[\/vc_column_text][\/vc_column_inner][vc_column_inner width=&#8220;1\/3&#8243;][vc_masonry_media_grid element_width=&#8220;12&#8243; gap=&#8220;0&#8243; grid_id=&#8220;vc_gid:1764600574592-c2b2d7b6-6b95-9&#8243; include=&#8220;55&#8243;][\/vc_column_inner][\/vc_row_inner][vc_empty_space height=&#8220;15px&#8220;]<div class=\"text-center btnwrap\"><a class=\"btn btn-huttopia-cta\" href=\"https:\/\/checkout.campings-nature.com\/site\/de\/932\" role=\"button\" target=\"\" onclick=\"dataLayer.push({'event':'clickCity', 'clickText':'Aufenthalt buchen'})\">Aufenthalt buchen<\/a><\/div><\/div>[\/vc_column][\/vc_row][vc_row][vc_column]<div class=\"wrappedcontent\">[vc_row_inner gap=&#8220;20&#8243; css=&#8220;.vc_custom_1606123994452{margin-left: -0.5px !important;}&#8220;][vc_column_inner width=&#8220;1\/3&#8243;][vc_masonry_media_grid element_width=&#8220;12&#8243; gap=&#8220;0&#8243; item=&#8220;348&#8243; grid_id=&#8220;vc_gid:1764600574594-63d4474c-4a55-0&#8243; include=&#8220;66&#8243;][\/vc_column_inner][vc_column_inner width=&#8220;1\/3&#8243;][vc_masonry_media_grid element_width=&#8220;12&#8243; gap=&#8220;0&#8243; item=&#8220;351&#8243; grid_id=&#8220;vc_gid:1764600574595-a0cce4b1-0c96-4&#8243; include=&#8220;70&#8243;][\/vc_column_inner][vc_column_inner width=&#8220;1\/3&#8243;][vc_masonry_media_grid element_width=&#8220;12&#8243; gap=&#8220;0&#8243; item=&#8220;354&#8243; grid_id=&#8220;vc_gid:1764600574596-082a58f6-431a-5&#8243; include=&#8220;74&#8243;][\/vc_column_inner][\/vc_row_inner][vc_empty_space height=&#8220;45px&#8220;][vc_row_inner css=&#8220;.vc_custom_1606124293773{margin-left: -0.5px !important;}&#8220;][vc_column_inner width=&#8220;1\/2&#8243; css=&#8220;.vc_custom_1606124483790{background-color: #e8e8e8 !important;}&#8220;][vc_icon icon_fontawesome=&#8220;far fa-envelope&#8220; color=&#8220;custom&#8220; align=&#8220;center&#8220; css=&#8220;.vc_custom_1607530458810{margin-bottom: -10px !important;padding-top: 15px !important;}&#8220; custom_color=&#8220;#23afc2&#8243; link=&#8220;url:https%3A%2F%2Fwww.chaletsderoos.nl%2Fde%2Fcontact%2F&#8220;][vc_column_text css=&#8220;.vc_custom_1607530452605{padding-top: 25px !important;padding-right: 15px !important;padding-bottom: 15px !important;padding-left: 15px !important;}&#8220;]<\/p>\n<p style=\"text-align: center;\"><a href=\"https:\/\/www.chaletsderoos.nl\/de\/contact\/\">Kontakt<\/a><\/p>\n<p>[\/vc_column_text][\/vc_column_inner][vc_column_inner width=&#8220;1\/2&#8243; css=&#8220;.vc_custom_1606124487632{background-color: #e8e8e8 !important;}&#8220;][vc_icon icon_fontawesome=&#8220;fas fa-map-marker-alt&#8220; color=&#8220;custom&#8220; align=&#8220;center&#8220; css=&#8220;.vc_custom_1606124466404{margin-bottom: -10px !important;padding-top: 15px !important;}&#8220; custom_color=&#8220;#23afc2&#8243; link=&#8220;url:https%3A%2F%2Fwww.google.fr%2Fmaps%2Fdir%2F%2FBeerzerweg%2B10%2C%2B7736%2BPJ%2BBeerze%2C%2BPays-Bas%2F%4052.5108232%2C6.5133453%2C17z%2Fdata%3D!4m9!4m8!1m0!1m5!1m1!1s0x47c7fde2fbb79d49%3A0xdc1a4b8dfc93c7c!2m2!1d6.515534!2d52.51082!3e0&#8243;][vc_column_text css=&#8220;.vc_custom_1607349456734{padding-top: 25px !important;padding-right: 15px !important;padding-bottom: 15px !important;padding-left: 15px !important;}&#8220;]<\/p>\n<p style=\"text-align: center;\"><a href=\"https:\/\/www.google.fr\/maps\/dir\/\/Beerzerweg+10,+7736+PJ+Beerze,+Pays-Bas\/@52.5108232,6.5133453,17z\/data=!4m9!4m8!1m0!1m5!1m1!1s0x47c7fde2fbb79d49:0xdc1a4b8dfc93c7c!2m2!1d6.515534!2d52.51082!3e0\">Reiseroute<\/a><\/p>\n<p>[\/vc_column_text][\/vc_column_inner][\/vc_row_inner]<\/div>[\/vc_column][\/vc_row][vc_row equal_height=&#8220;yes&#8220; css=&#8220;.vc_custom_1606125051343{background-color: #e8e8e8 !important;}&#8220;][vc_column]<div class=\"wrappedcontent\">[vc_column_text]<\/p>\n<h4>Wegbeschreibung<\/h4>\n<p>[\/vc_column_text][vc_empty_space height=&#8220;15px&#8220;][vc_row_inner equal_height=&#8220;yes&#8220; gap=&#8220;25&#8243; css=&#8220;.vc_custom_1606125076736{margin-left: -0.5px !important;}&#8220;][vc_column_inner width=&#8220;1\/2&#8243;][vc_column_text css=&#8220;.vc_custom_1607934097462{padding-top: 10px !important;padding-right: 10px !important;padding-bottom: 10px !important;padding-left: 10px !important;background-color: #ffffff !important;}&#8220;]<\/p>\n<p style=\"text-align: center;\"><strong>A: Aus Richtung Zwolle<\/strong><\/p>\n<p style=\"text-align: center;\"><span style=\"font-size: 10pt;\">1) Ab Zwolle Richtung Meppel fahren (A28)<\/span><br \/>\n<span style=\"font-size: 10pt;\">2) Ausfahrt 21 Richtung Ommen nehmen (N34)<\/span><br \/>\n<span style=\"font-size: 10pt;\">3) Nach ungef\u00e4hr 17 km, bei die Ampel, der Ausfahrt Richtung Ommen ignorieren; weiter geradeaus fahren<\/span><br \/>\n<span style=\"font-size: 10pt;\">4) Am Ortseingang \u201aOmmen\u2018, in der Linkskurve rechts abbiegen und dem Fluss (der Vechte) weiter folgen<\/span><br \/>\n<span style=\"font-size: 10pt;\">5) Rechts abbiegen \u00fcber die Vechtsbr\u00fccke<\/span><br \/>\n<span style=\"font-size: 10pt;\">6) Nach etwa 400 m links abbiegen Richtung Beerze (\u201aSchammelte\u2018)<\/span><br \/>\n<span style=\"font-size: 10pt;\">7) Am Ende der Stra\u00dfe rechts abbiegen (\u201aBeerzerweg\u2018). Dieser Stra\u00dfe (R103) noch ungef\u00e4hr 7 km folgen.<\/span><br \/>\n<span style=\"font-size: 10pt;\">Sie sehen dann das Schild \u201aBeerze\u2018. Camping De Roos liegt 200 m dahinter auf der linken Seite<\/span><\/p>\n<p>[\/vc_column_text][\/vc_column_inner][vc_column_inner width=&#8220;1\/2&#8243;][vc_column_text css=&#8220;.vc_custom_1607349492140{padding-top: 10px !important;padding-right: 10px !important;padding-bottom: 10px !important;padding-left: 10px !important;background-color: #ffffff !important;}&#8220;]<\/p>\n<p style=\"text-align: center;\"><strong>B: Aus Richtung Hoogeveen<\/strong><\/p>\n<p style=\"text-align: center;\"><span style=\"font-size: 10pt;\">1) Ab Hoogeveen Richtung Ommen fahren (N48)<\/span><br \/>\n<span style=\"font-size: 10pt;\">2) Nach ungef\u00e4hr 19 km: am Kreisverkehr die zweite Ausfahrt nehmen (N36 Richtung Almelo)<\/span><br \/>\n<span style=\"font-size: 10pt;\">3) Nach ungef\u00e4hr 9 km: am Kreisverkehr die zweite Ausfahrt nehmen (N36 Richtung Almelo-Vriezenveen)<\/span><br \/>\n<span style=\"font-size: 10pt;\">4) Nach ungef\u00e4hr 5 km rechts abbiegen Richtung Beerze (R103)<\/span><br \/>\n<span style=\"font-size: 10pt;\">5) Dieser Stra\u00dfe (\u201aBeerzerweg\u2018) ungef\u00e4hr 3,5 km folgen; Camping De Roos liegt dann auf der rechten Seite<\/span><\/p>\n<p>[\/vc_column_text][\/vc_column_inner][\/vc_row_inner][vc_empty_space height=&#8220;15px&#8220;][vc_row_inner equal_height=&#8220;yes&#8220; gap=&#8220;25&#8243; css=&#8220;.vc_custom_1606125079281{margin-left: -0.5px !important;}&#8220;][vc_column_inner width=&#8220;1\/2&#8243;][vc_column_text css=&#8220;.vc_custom_1607349503120{padding-top: 10px !important;padding-right: 10px !important;padding-bottom: 10px !important;padding-left: 10px !important;background-color: #ffffff !important;}&#8220;]<\/p>\n<p style=\"text-align: center;\"><strong>C: Aus Richtung Emmen<\/strong><\/p>\n<p style=\"text-align: center;\"><span style=\"font-size: 10pt;\">1) Ab Emmen Richtung Zwolle fahren (N34)<\/span><br \/>\n<span style=\"font-size: 10pt;\">2) Nach ungef\u00e4hr 40 km: am Kreisverkehr die dritte Ausfahrt nehmen (N36 Richtung Almelo-Vriezenveen)<\/span><br \/>\n<span style=\"font-size: 10pt;\">3) Siehe weiter unter B 4 usw.<\/span><\/p>\n<p>[\/vc_column_text][\/vc_column_inner][vc_column_inner width=&#8220;1\/2&#8243;][vc_column_text css=&#8220;.vc_custom_1607349513601{padding-top: 10px !important;padding-right: 10px !important;padding-bottom: 10px !important;padding-left: 10px !important;background-color: #ffffff !important;}&#8220;]<\/p>\n<p style=\"text-align: center;\"><strong>D: Aus Richtung Almelo<\/strong><\/p>\n<p style=\"text-align: center;\"><span style=\"font-size: 10pt;\">1) Ab Almelo Richtung Ommen fahren (N36)<\/span><br \/>\n<span style=\"font-size: 10pt;\">2) Nach ungef\u00e4hr 20 km, bei Mari\u00ebnberg, links abbiegen Richtung Beerze (R103)<\/span><br \/>\n<span style=\"font-size: 10pt;\">3) Dieser Stra\u00dfe (\u201aBeerzerweg\u2018) ungef\u00e4hr 3,5 km folgen; Camping De Roos liegt auf der rechten Seite<\/span><\/p>\n<p>[\/vc_column_text][\/vc_column_inner][\/vc_row_inner][vc_empty_space height=&#8220;25px&#8220;][vc_text_separator title=&#8220;\u00d6ffentliche Verkehrsmittel&#8220; color=&#8220;white&#8220;][vc_empty_space height=&#8220;15px&#8220;][vc_column_text]<\/p>\n<p style=\"text-align: center;\"><span style=\"font-size: 10pt;\">Wenn Sie mit dem Zug kommen, k\u00f6nnen Sie in Ommen aussteigen<\/span><br \/>\n<span style=\"font-size: 10pt;\">Camping De Roos liegt ungef\u00e4hr 7 km vom Bahnhof Ommen entfernt<\/span><br \/>\n<span style=\"font-size: 10pt;\">Taxi Service Autax in Ommen (Tel. + 31 529 452500) bietet g\u00fcnstige Tarife f\u00fcr eine Fahrt zu unserem Campingplatz<\/span><\/p>\n<p>[\/vc_column_text]<\/div>\n    <div id=\"map557487\" class=\"map\"><\/div>\n    <script type=\"text\/javascript\">\n        let iconType = L.icon({\n            iconUrl: baseDirectory + '\/img\/pin.png',\n            iconSize: [22, 48],\n            iconAnchor: [11, 46],\n            popupAnchor: [0, -46]\n        });\n        let map = L.map('map557487', {\n            center: L.latLng(52.5108196, 6.5155342),\n            zoom: 10.8,\n            layers: [L.tileLayer('https:\/\/cartodb-basemaps-b.global.ssl.fastly.net\/light_all\/{z}\/{x}\/{y}.png', {\n                attribution: '&copy; <a href=\"https:\/\/www.openstreetmap.org\/copyright\">OpenStreetMap<\/a>'\n            })],\n            zoomSnap: 0.2\n        });\n        setTimeout(map.invalidateSize.bind(map), 100);\n        let contentString = '<div id=\"content\">' +\n            '<div id=\"siteNotice\">' +\n            '<\/div>' +\n            '<h4 id=\"firstHeading\" class=\"firstHeading\">Camping Huttopia De Roos<\/h4>' +\n            '<div id=\"bodyContent\">' +\n            '<p>Beerzerweg 10<\/p>' +\n            '<p>7736 PJ BEERZE-OMMEN - Pays-Bas<\/p>' +\n            '<\/div>' +\n            '<\/div>';\n        let marker = L.marker([52.5108196, 6.5155342], {icon: iconType}).addTo(map);\n        marker.bindPopup(contentString).openPopup();\n        let iwOuter = document.querySelector('.leaflet-popup-content-wrapper');\n        let iwArrow = document.querySelector('.leaflet-popup-tip');\n        iwOuter.style.backgroundColor = '#23AFC2';\n        iwArrow.style.backgroundColor = '#23AFC2';\n    <\/script>\n    [\/vc_column][\/vc_row][vc_row][vc_column]<div class=\"wrappedcontent\">[vc_row_inner css=&#8220;.vc_custom_1606124805918{margin-top: -35px !important;margin-bottom: -90px !important;margin-left: -0.5px !important;}&#8220;][vc_column_inner][vc_column_text]<\/p>\n<p style=\"text-align: center;\">Surface : 27\u00a0ha<\/p>\n<p>[\/vc_column_text][vc_icon type=&#8220;typicons&#8220; icon_typicons=&#8220;typcn typcn-leaf&#8220; color=&#8220;mulled_wine&#8220; size=&#8220;xs&#8220; align=&#8220;center&#8220;][\/vc_column_inner][\/vc_row_inner]<\/div>[\/vc_column][\/vc_row]<\/p>\n<\/div>","protected":false},"excerpt":{"rendered":"<p>[vc_row][vc_column][\/vc_column][\/vc_row][vc_row css=&#8220;.vc_custom_1606123134517{background-color: #e8e8e8 !important;}&#8220;][vc_column][\/vc_column][\/vc_row][vc_row][vc_column][\/vc_column][\/vc_row][vc_row equal_height=&#8220;yes&#8220; css=&#8220;.vc_custom_1606125051343{background-color: #e8e8e8 !important;}&#8220;][vc_column][\/vc_column][\/vc_row][vc_row][vc_column][\/vc_column][\/vc_row]<\/p>\n","protected":false},"author":4,"featured_media":0,"parent":0,"menu_order":0,"comment_status":"closed","ping_status":"closed","template":"templates\/page-home.php","meta":{"footnotes":""},"class_list":["post-341","page","type-page","status-publish","hentry"],"yoast_head":"<!-- This site is optimized with the Yoast SEO plugin v25.6 - https:\/\/yoast.com\/wordpress\/plugins\/seo\/ -->\n<title>Home - Chalets De Roos<\/title>\n<meta name=\"description\" content=\"Der Campingplatz Huttopia De Roos hei\u00dft Sie in der Provinz Overijssel inmitten einer au\u00dfergew\u00f6hnlich sch\u00f6nen Naturlandschaft willkommen.\" \/>\n<meta name=\"robots\" content=\"index, follow, max-snippet:-1, max-image-preview:large, max-video-preview:-1\" \/>\n<link rel=\"canonical\" href=\"https:\/\/www.chaletsderoos.nl\/de\/\" \/>\n<meta property=\"og:locale\" content=\"de_DE\" \/>\n<meta property=\"og:type\" content=\"article\" \/>\n<meta property=\"og:title\" content=\"Home - Chalets De Roos\" \/>\n<meta property=\"og:description\" content=\"Der Campingplatz Huttopia De Roos hei\u00dft Sie in der Provinz Overijssel inmitten einer au\u00dfergew\u00f6hnlich sch\u00f6nen Naturlandschaft willkommen.\" \/>\n<meta property=\"og:url\" content=\"https:\/\/www.chaletsderoos.nl\/de\/\" \/>\n<meta property=\"og:site_name\" content=\"Chalets De Roos\" \/>\n<meta property=\"article:modified_time\" content=\"2025-12-01T14:49:58+00:00\" \/>\n<meta name=\"twitter:card\" content=\"summary_large_image\" \/>\n<meta name=\"twitter:label1\" content=\"Est. reading time\" \/>\n\t<meta name=\"twitter:data1\" content=\"4 Minuten\" \/>\n<script type=\"application\/ld+json\" class=\"yoast-schema-graph\">{\"@context\":\"https:\/\/schema.org\",\"@graph\":[{\"@type\":\"WebPage\",\"@id\":\"https:\/\/www.chaletsderoos.nl\/de\/\",\"url\":\"https:\/\/www.chaletsderoos.nl\/de\/\",\"name\":\"Home - Chalets De Roos\",\"isPartOf\":{\"@id\":\"https:\/\/www.chaletsderoos.nl\/de\/#website\"},\"datePublished\":\"2020-11-23T08:49:57+00:00\",\"dateModified\":\"2025-12-01T14:49:58+00:00\",\"description\":\"Der Campingplatz Huttopia De Roos hei\u00dft Sie in der Provinz Overijssel inmitten einer au\u00dfergew\u00f6hnlich sch\u00f6nen Naturlandschaft willkommen.\",\"breadcrumb\":{\"@id\":\"https:\/\/www.chaletsderoos.nl\/de\/#breadcrumb\"},\"inLanguage\":\"de-DE\",\"potentialAction\":[{\"@type\":\"ReadAction\",\"target\":[\"https:\/\/www.chaletsderoos.nl\/de\/\"]}]},{\"@type\":\"BreadcrumbList\",\"@id\":\"https:\/\/www.chaletsderoos.nl\/de\/#breadcrumb\",\"itemListElement\":[{\"@type\":\"ListItem\",\"position\":1,\"name\":\"Home\",\"item\":\"https:\/\/www.chaletsderoos.nl\/de\/\"},{\"@type\":\"ListItem\",\"position\":2,\"name\":\"Home\"}]},{\"@type\":\"WebSite\",\"@id\":\"https:\/\/www.chaletsderoos.nl\/de\/#website\",\"url\":\"https:\/\/www.chaletsderoos.nl\/de\/\",\"name\":\"Chalets De Roos\",\"description\":\"Un site utilisant Citykamp\",\"potentialAction\":[{\"@type\":\"SearchAction\",\"target\":{\"@type\":\"EntryPoint\",\"urlTemplate\":\"https:\/\/www.chaletsderoos.nl\/de\/?s={search_term_string}\"},\"query-input\":{\"@type\":\"PropertyValueSpecification\",\"valueRequired\":true,\"valueName\":\"search_term_string\"}}],\"inLanguage\":\"de-DE\"}]}<\/script>\n<!-- \/ Yoast SEO plugin. -->","yoast_head_json":{"title":"Home - Chalets De Roos","description":"Der Campingplatz Huttopia De Roos hei\u00dft Sie in der Provinz Overijssel inmitten einer au\u00dfergew\u00f6hnlich sch\u00f6nen Naturlandschaft willkommen.","robots":{"index":"index","follow":"follow","max-snippet":"max-snippet:-1","max-image-preview":"max-image-preview:large","max-video-preview":"max-video-preview:-1"},"canonical":"https:\/\/www.chaletsderoos.nl\/de\/","og_locale":"de_DE","og_type":"article","og_title":"Home - Chalets De Roos","og_description":"Der Campingplatz Huttopia De Roos hei\u00dft Sie in der Provinz Overijssel inmitten einer au\u00dfergew\u00f6hnlich sch\u00f6nen Naturlandschaft willkommen.","og_url":"https:\/\/www.chaletsderoos.nl\/de\/","og_site_name":"Chalets De Roos","article_modified_time":"2025-12-01T14:49:58+00:00","twitter_card":"summary_large_image","twitter_misc":{"Est. reading time":"4 Minuten"},"schema":{"@context":"https:\/\/schema.org","@graph":[{"@type":"WebPage","@id":"https:\/\/www.chaletsderoos.nl\/de\/","url":"https:\/\/www.chaletsderoos.nl\/de\/","name":"Home - Chalets De Roos","isPartOf":{"@id":"https:\/\/www.chaletsderoos.nl\/de\/#website"},"datePublished":"2020-11-23T08:49:57+00:00","dateModified":"2025-12-01T14:49:58+00:00","description":"Der Campingplatz Huttopia De Roos hei\u00dft Sie in der Provinz Overijssel inmitten einer au\u00dfergew\u00f6hnlich sch\u00f6nen Naturlandschaft willkommen.","breadcrumb":{"@id":"https:\/\/www.chaletsderoos.nl\/de\/#breadcrumb"},"inLanguage":"de-DE","potentialAction":[{"@type":"ReadAction","target":["https:\/\/www.chaletsderoos.nl\/de\/"]}]},{"@type":"BreadcrumbList","@id":"https:\/\/www.chaletsderoos.nl\/de\/#breadcrumb","itemListElement":[{"@type":"ListItem","position":1,"name":"Home","item":"https:\/\/www.chaletsderoos.nl\/de\/"},{"@type":"ListItem","position":2,"name":"Home"}]},{"@type":"WebSite","@id":"https:\/\/www.chaletsderoos.nl\/de\/#website","url":"https:\/\/www.chaletsderoos.nl\/de\/","name":"Chalets De Roos","description":"Un site utilisant Citykamp","potentialAction":[{"@type":"SearchAction","target":{"@type":"EntryPoint","urlTemplate":"https:\/\/www.chaletsderoos.nl\/de\/?s={search_term_string}"},"query-input":{"@type":"PropertyValueSpecification","valueRequired":true,"valueName":"search_term_string"}}],"inLanguage":"de-DE"}]}},"_links":{"self":[{"href":"https:\/\/www.chaletsderoos.nl\/de\/wp-json\/wp\/v2\/pages\/341","targetHints":{"allow":["GET"]}}],"collection":[{"href":"https:\/\/www.chaletsderoos.nl\/de\/wp-json\/wp\/v2\/pages"}],"about":[{"href":"https:\/\/www.chaletsderoos.nl\/de\/wp-json\/wp\/v2\/types\/page"}],"author":[{"embeddable":true,"href":"https:\/\/www.chaletsderoos.nl\/de\/wp-json\/wp\/v2\/users\/4"}],"replies":[{"embeddable":true,"href":"https:\/\/www.chaletsderoos.nl\/de\/wp-json\/wp\/v2\/comments?post=341"}],"version-history":[{"count":3,"href":"https:\/\/www.chaletsderoos.nl\/de\/wp-json\/wp\/v2\/pages\/341\/revisions"}],"predecessor-version":[{"id":874,"href":"https:\/\/www.chaletsderoos.nl\/de\/wp-json\/wp\/v2\/pages\/341\/revisions\/874"}],"wp:attachment":[{"href":"https:\/\/www.chaletsderoos.nl\/de\/wp-json\/wp\/v2\/media?parent=341"}],"curies":[{"name":"wp","href":"https:\/\/api.w.org\/{rel}","templated":true}]}}