{"id":374,"date":"2020-11-23T09:50:18","date_gmt":"2020-11-23T08:50:18","guid":{"rendered":"http:\/\/www.citykamp.com\/chaletsderoos\/chalets\/"},"modified":"2023-10-27T12:03:04","modified_gmt":"2023-10-27T10:03:04","slug":"chalets","status":"publish","type":"page","link":"https:\/\/www.chaletsderoos.nl\/de\/chalets\/","title":{"rendered":"Chalets"},"content":{"rendered":"<div class=\"wpb-content-wrapper\"><p>[vc_row][vc_column][vc_single_image image=&#8220;89&#8243; img_size=&#8220;1900&#215;500&#8243; alignment=&#8220;center&#8220;][\/vc_column][\/vc_row][vc_row][vc_column]<div class=\"wrappedcontent\">[vc_row_inner gap=&#8220;25&#8243; css=&#8220;.vc_custom_1606125536329{margin-left: -0.5px !important;}&#8220;][vc_column_inner width=&#8220;2\/3&#8243;][vc_column_text]<\/p>\n<h3>Komfort in voll ausgestatteten Chalets<\/h3>\n<p>Genie\u00dfen Sie die Ruhe in wundersch\u00f6n ausgestatteten Ferienh\u00e4usern auf dem Campingplatz Huttopia De Roos. Vollst\u00e4ndig m\u00f6bliert bieten diese Unterk\u00fcnfte alles was Sie brauchen: Schlafzimmer mit bequemen Betten, K\u00fcche, Wohnbereich, Badezimmer &#8230; Verschiedene Gr\u00f6\u00dfen von Chalets und unterschiedliche Komfortniveaus stehen zur Verf\u00fcgung, um alle Bed\u00fcrfnisse zu erf\u00fcllen!<\/p>\n<p>&gt; <span style=\"text-decoration: underline;\"><a href=\"https:\/\/media.huttopia.com\/destinations\/de-roos\/inventaire-chalet-de-roos.pdf\" target=\"_blank\" rel=\"noopener noreferrer\">Siehe das Inventar der Ferienh\u00e4user<\/a><\/span>[\/vc_column_text][\/vc_column_inner][vc_column_inner width=&#8220;1\/3&#8243; css=&#8220;.vc_custom_1606125556494{padding-top: 15px !important;padding-right: 15px !important;padding-bottom: 15px !important;padding-left: 15px !important;background-color: #23afc2 !important;}&#8220;][vc_column_text css=&#8220;.vc_custom_1698400978661{padding-top: 15px !important;padding-right: 15px !important;padding-bottom: 15px !important;padding-left: 15px !important;}&#8220;]<\/p>\n<p style=\"text-align: center;\"><span style=\"color: #ffffff;\"><strong><span style=\"font-size: 14pt;\"><strong>Viele optionale Dienstleistungen:<\/strong><br \/>\nBettw\u00e4sche und Handt\u00fccher<br \/>\nEndreinigung, usw.<\/span><\/strong><\/span><\/p>\n<p>[\/vc_column_text][\/vc_column_inner][\/vc_row_inner]<\/div>[\/vc_column][\/vc_row][vc_row css=&#8220;.vc_custom_1606125701731{background-color: #e8e8e8 !important;}&#8220;][vc_column]<div class=\"wrappedcontent\">[vc_column_text css=&#8220;.vc_custom_1607934191007{padding-top: 15px !important;padding-right: 15px !important;padding-bottom: 15px !important;padding-left: 15px !important;background-color: #ffffff !important;}&#8220;]<\/p>\n<p style=\"text-align: center;\"><span style=\"font-size: 16pt;\"><strong>Doornroosje (Kat A)<br \/>\n<\/strong><\/span><span style=\"font-size: 14pt;\">42 m\u00b2 \u2013 4 Pers.<\/span><\/p>\n<p>[\/vc_column_text][vc_empty_space height=&#8220;35px&#8220; css=&#8220;.vc_custom_1606125972064{background-color: #ffffff !important;}&#8220;][vc_masonry_media_grid element_width=&#8220;3&#8243; gap=&#8220;10&#8243; grid_id=&#8220;vc_gid:1698400728658-eda4c04d-55cb-0&#8243; include=&#8220;101,105,93,97&#8243; css=&#8220;.vc_custom_1606128773039{background-color: #ffffff !important;}&#8220;][vc_empty_space height=&#8220;20px&#8220; css=&#8220;.vc_custom_1606129030954{background-color: #ffffff !important;}&#8220;][vc_row_inner css=&#8220;.vc_custom_1606128847420{background-color: #ffffff !important;}&#8220;][vc_column_inner width=&#8220;1\/2&#8243;][vc_column_text css=&#8220;.vc_custom_1607353149758{padding-bottom: 25px !important;padding-left: 25px !important;}&#8220;]<strong>Ein regelrechtes kleines Holzh\u00e4uschen f\u00fcr 4 Personen<\/strong><\/p>\n<p>2 Zimmer (eines mit Doppelbett und das andere mit zwei Einzelbetten), ein Wohnzimmer mit Kamin und einer echten offenen K\u00fcche, ein Badezimmer und ein sch\u00f6ner Gartenbereich.[\/vc_column_text][\/vc_column_inner][vc_column_inner width=&#8220;1\/2&#8243;][vc_empty_space height=&#8220;12px&#8220; css=&#8220;.vc_custom_1606128820170{background-color: #ffffff !important;}&#8220;][vc_icon icon_fontawesome=&#8220;fas fa-home&#8220; color=&#8220;mulled_wine&#8220; size=&#8220;sm&#8220; align=&#8220;center&#8220; css=&#8220;.vc_custom_1606128980912{margin-top: -10px !important;margin-bottom: -10px !important;}&#8220;][vc_column_text]<\/p>\n<p style=\"text-align: center;\"><span style=\"text-decoration: underline;\"><strong><a href=\"https:\/\/media.huttopia.com\/hebergements\/121-doornroosje\/plan-doornroosje.jpg\" target=\"_blank\" rel=\"noopener noreferrer\">Siehe Plan<\/a><\/strong><\/span><\/p>\n<p>[\/vc_column_text][\/vc_column_inner][\/vc_row_inner]<\/div>[\/vc_column][\/vc_row][vc_row css=&#8220;.vc_custom_1606125701731{background-color: #e8e8e8 !important;}&#8220;][vc_column]<div class=\"wrappedcontent\">[vc_column_text css=&#8220;.vc_custom_1607934217194{padding-top: 15px !important;padding-right: 15px !important;padding-bottom: 15px !important;padding-left: 15px !important;background-color: #ffffff !important;}&#8220;]<\/p>\n<p style=\"text-align: center;\"><span style=\"font-size: 16pt;\"><strong>Heideroosje (Kat A)<br \/>\n<\/strong><\/span><span style=\"font-size: 14pt;\">42 m\u00b2 \u2013 4 Pers.<\/span><\/p>\n<p>[\/vc_column_text][vc_empty_space height=&#8220;35px&#8220; css=&#8220;.vc_custom_1606125972064{background-color: #ffffff !important;}&#8220;][vc_masonry_media_grid element_width=&#8220;3&#8243; gap=&#8220;10&#8243; grid_id=&#8220;vc_gid:1698400728662-4280f512-2bb2-7&#8243; include=&#8220;114,126,118,122&#8243; css=&#8220;.vc_custom_1606129141805{background-color: #ffffff !important;}&#8220;][vc_empty_space height=&#8220;20px&#8220; css=&#8220;.vc_custom_1606129030954{background-color: #ffffff !important;}&#8220;][vc_row_inner css=&#8220;.vc_custom_1606128847420{background-color: #ffffff !important;}&#8220;][vc_column_inner width=&#8220;1\/2&#8243;][vc_column_text css=&#8220;.vc_custom_1607353222847{padding-bottom: 25px !important;padding-left: 25px !important;}&#8220;]<strong>Ein sch\u00f6nes Holzchalet \u2013 gem\u00fctlich wie daheim!<\/strong><\/p>\n<p>2 gro\u00dfe Zimmer (das eine mit einem Doppelbett, das andere mit einem Stockbett), eine offene K\u00fcche, ein sch\u00f6nes, gem\u00fctliches und helles Wohnzimmer und ein angenehmer Gartenbereich mit Terrasse.[\/vc_column_text][\/vc_column_inner][vc_column_inner width=&#8220;1\/2&#8243;][vc_empty_space height=&#8220;12px&#8220; css=&#8220;.vc_custom_1606128820170{background-color: #ffffff !important;}&#8220;][vc_icon icon_fontawesome=&#8220;fas fa-home&#8220; color=&#8220;mulled_wine&#8220; size=&#8220;sm&#8220; align=&#8220;center&#8220; css=&#8220;.vc_custom_1606128980912{margin-top: -10px !important;margin-bottom: -10px !important;}&#8220;][vc_column_text]<\/p>\n<p style=\"text-align: center;\"><span style=\"text-decoration: underline;\"><strong><a href=\"https:\/\/media.huttopia.com\/hebergements\/122-heiderroosje\/plan-heideroosje.jpg\" target=\"_blank\" rel=\"noopener noreferrer\">Siehe Plan<\/a><\/strong><\/span><\/p>\n<p>[\/vc_column_text][\/vc_column_inner][\/vc_row_inner]<\/div>[\/vc_column][\/vc_row][vc_row css=&#8220;.vc_custom_1606125701731{background-color: #e8e8e8 !important;}&#8220;][vc_column]<div class=\"wrappedcontent\">[vc_column_text css=&#8220;.vc_custom_1607934231163{padding-top: 15px !important;padding-right: 15px !important;padding-bottom: 15px !important;padding-left: 15px !important;background-color: #ffffff !important;}&#8220;]<\/p>\n<p style=\"text-align: center;\"><span style=\"font-size: 16pt;\"><strong>Klimroos (Kat B)<br \/>\n<\/strong><\/span><span style=\"font-size: 14pt;\">50 m\u00b2 \u2013 6 Pers.<\/span><\/p>\n<p>[\/vc_column_text][vc_empty_space height=&#8220;35px&#8220; css=&#8220;.vc_custom_1606125972064{background-color: #ffffff !important;}&#8220;][vc_masonry_media_grid element_width=&#8220;3&#8243; gap=&#8220;10&#8243; grid_id=&#8220;vc_gid:1698400728665-7681f603-ffeb-3&#8243; include=&#8220;130,134,138,142&#8243; css=&#8220;.vc_custom_1606129231711{background-color: #ffffff !important;}&#8220;][vc_empty_space height=&#8220;20px&#8220; css=&#8220;.vc_custom_1606129030954{background-color: #ffffff !important;}&#8220;][vc_row_inner css=&#8220;.vc_custom_1606128847420{background-color: #ffffff !important;}&#8220;][vc_column_inner width=&#8220;1\/2&#8243;][vc_column_text css=&#8220;.vc_custom_1607353243402{padding-bottom: 25px !important;padding-left: 25px !important;}&#8220;]<strong>Eine ideale Atmosph\u00e4re zum Abschalten!<\/strong><\/p>\n<p>Ein gro\u00dfes Chalet f\u00fcr 6 Personen mit 3 getrennten Zimmern, einem sch\u00f6nen Wohnzimmer mit Kamin und offener, ausgestatteter K\u00fcche. Genie\u00dfen Sie seine gem\u00fctliche Terrasse und den sch\u00f6nen Garten, perfekt f\u00fcr die Kinder.[\/vc_column_text][\/vc_column_inner][vc_column_inner width=&#8220;1\/2&#8243;][vc_empty_space height=&#8220;12px&#8220; css=&#8220;.vc_custom_1606128820170{background-color: #ffffff !important;}&#8220;][vc_icon icon_fontawesome=&#8220;fas fa-home&#8220; color=&#8220;mulled_wine&#8220; size=&#8220;sm&#8220; align=&#8220;center&#8220; css=&#8220;.vc_custom_1606128980912{margin-top: -10px !important;margin-bottom: -10px !important;}&#8220;][vc_column_text]<\/p>\n<p style=\"text-align: center;\"><span style=\"text-decoration: underline;\"><strong><a href=\"https:\/\/media.huttopia.com\/hebergements\/125-klimroos\/plan-klimroos.jpg\" target=\"_blank\" rel=\"noopener noreferrer\">Siehe Plan<\/a><\/strong><\/span><\/p>\n<p>[\/vc_column_text][\/vc_column_inner][\/vc_row_inner]<\/div>[\/vc_column][\/vc_row][vc_row css=&#8220;.vc_custom_1606125701731{background-color: #e8e8e8 !important;}&#8220;][vc_column]<div class=\"wrappedcontent\">[vc_column_text css=&#8220;.vc_custom_1607934244707{padding-top: 15px !important;padding-right: 15px !important;padding-bottom: 15px !important;padding-left: 15px !important;background-color: #ffffff !important;}&#8220;]<\/p>\n<p style=\"text-align: center;\"><span style=\"font-size: 16pt;\"><strong>Egelantier (Kat C)<br \/>\n<\/strong><\/span><span style=\"font-size: 14pt;\">98 m\u00b2 \u2013 6 Pers.<\/span><\/p>\n<p>[\/vc_column_text][vc_empty_space height=&#8220;35px&#8220; css=&#8220;.vc_custom_1606125972064{background-color: #ffffff !important;}&#8220;][vc_masonry_media_grid element_width=&#8220;3&#8243; gap=&#8220;10&#8243; grid_id=&#8220;vc_gid:1698400728667-a415b582-a713-7&#8243; include=&#8220;147,159,155,151&#8243; css=&#8220;.vc_custom_1606130379431{background-color: #ffffff !important;}&#8220;][vc_empty_space height=&#8220;20px&#8220; css=&#8220;.vc_custom_1606129030954{background-color: #ffffff !important;}&#8220;][vc_row_inner css=&#8220;.vc_custom_1606128847420{background-color: #ffffff !important;}&#8220;][vc_column_inner width=&#8220;1\/2&#8243;][vc_column_text css=&#8220;.vc_custom_1607353260518{padding-bottom: 25px !important;padding-left: 25px !important;}&#8220;]<strong>Ein sehr gro\u00dfes Holzchalet mit gem\u00fctlicher Atmosph\u00e4re\u2026<\/strong><\/p>\n<p>Im Erdgeschoss befindet sich ein gro\u00dfes Schlafzimmer, ein sch\u00f6nes Wohnzimmer, eine separate K\u00fcche (mit Geschirrsp\u00fcler) und ein Badezimmer. Die anderen beiden Schlafzimmer befinden sich im ersten Stock. Der Pluspunkt dieser Mietunterkunft: Seine Gr\u00f6\u00dfe und seine \u00fcberdachte 35 m\u00b2 gro\u00dfe Veranda![\/vc_column_text][\/vc_column_inner][vc_column_inner width=&#8220;1\/2&#8243;][vc_empty_space height=&#8220;12px&#8220; css=&#8220;.vc_custom_1606128820170{background-color: #ffffff !important;}&#8220;][vc_icon icon_fontawesome=&#8220;fas fa-home&#8220; color=&#8220;mulled_wine&#8220; size=&#8220;sm&#8220; align=&#8220;center&#8220; css=&#8220;.vc_custom_1606128980912{margin-top: -10px !important;margin-bottom: -10px !important;}&#8220;][vc_column_text]<\/p>\n<p style=\"text-align: center;\"><span style=\"text-decoration: underline;\"><strong><a href=\"https:\/\/media.huttopia.com\/hebergements\/126-egelantier\/plan-egelantier.jpg\" target=\"_blank\" rel=\"noopener noreferrer\">Siehe Plan<\/a><\/strong><\/span><\/p>\n<p>[\/vc_column_text][\/vc_column_inner][\/vc_row_inner]<\/div>[\/vc_column][\/vc_row][vc_row css=&#8220;.vc_custom_1606125701731{background-color: #e8e8e8 !important;}&#8220;][vc_column]<div class=\"wrappedcontent\">[vc_column_text css=&#8220;.vc_custom_1607934261079{padding-top: 15px !important;padding-right: 15px !important;padding-bottom: 15px !important;padding-left: 15px !important;background-color: #ffffff !important;}&#8220;]<\/p>\n<p style=\"text-align: center;\"><span style=\"font-size: 16pt;\"><strong>Stamroos (Kat B)<br \/>\n<\/strong><\/span><span style=\"font-size: 14pt;\">48 m\u00b2 \u2013 5 Pers.<\/span><\/p>\n<p>[\/vc_column_text][vc_empty_space height=&#8220;35px&#8220; css=&#8220;.vc_custom_1606125972064{background-color: #ffffff !important;}&#8220;][vc_masonry_media_grid element_width=&#8220;3&#8243; gap=&#8220;10&#8243; grid_id=&#8220;vc_gid:1698400728672-8e8cef2c-7963-10&#8243; include=&#8220;163,175,167,171&#8243; css=&#8220;.vc_custom_1606130460653{background-color: #ffffff !important;}&#8220;][vc_empty_space height=&#8220;20px&#8220; css=&#8220;.vc_custom_1606129030954{background-color: #ffffff !important;}&#8220;][vc_row_inner css=&#8220;.vc_custom_1606128847420{background-color: #ffffff !important;}&#8220;][vc_column_inner width=&#8220;1\/2&#8243;][vc_column_text css=&#8220;.vc_custom_1607353270141{padding-bottom: 25px !important;padding-left: 25px !important;}&#8220;]<strong>Holzchalet ideal f\u00fcr Familien.<\/strong><\/p>\n<p>Lichtdurchflutet und modern bietet es Platz f\u00fcr bis zu 5 Personen. 3 getrennte Zimmer f\u00fcr mehr Komfort, eine ausgestattete K\u00fcche, ein Wohnzimmer mit Kamin und eine sch\u00f6ner Gartenbereich, wo die Kinder im Gras spielen k\u00f6nnen.[\/vc_column_text][\/vc_column_inner][vc_column_inner width=&#8220;1\/2&#8243;][vc_empty_space height=&#8220;12px&#8220; css=&#8220;.vc_custom_1606128820170{background-color: #ffffff !important;}&#8220;][vc_icon icon_fontawesome=&#8220;fas fa-home&#8220; color=&#8220;mulled_wine&#8220; size=&#8220;sm&#8220; align=&#8220;center&#8220; css=&#8220;.vc_custom_1606128980912{margin-top: -10px !important;margin-bottom: -10px !important;}&#8220;][vc_column_text]<\/p>\n<p style=\"text-align: center;\"><span style=\"text-decoration: underline;\"><strong><a href=\"https:\/\/media.huttopia.com\/hebergements\/123-stamroos\/plan-stamroos.jpg\" target=\"_blank\" rel=\"noopener noreferrer\">Siehe Plan<\/a><\/strong><\/span><\/p>\n<p>[\/vc_column_text][\/vc_column_inner][\/vc_row_inner]<\/div>[\/vc_column][\/vc_row][vc_row css=&#8220;.vc_custom_1606125701731{background-color: #e8e8e8 !important;}&#8220;][vc_column]<div class=\"wrappedcontent\">[vc_column_text css=&#8220;.vc_custom_1607934274441{padding-top: 15px !important;padding-right: 15px !important;padding-bottom: 15px !important;padding-left: 15px !important;background-color: #ffffff !important;}&#8220;]<\/p>\n<p style=\"text-align: center;\"><span style=\"font-size: 16pt;\"><strong>Bergroos (Kat B)<br \/>\n<\/strong><\/span><span style=\"font-size: 14pt;\">60 m\u00b2 \u2013 5 Pers.<\/span><\/p>\n<p>[\/vc_column_text][vc_empty_space height=&#8220;35px&#8220; css=&#8220;.vc_custom_1606125972064{background-color: #ffffff !important;}&#8220;][vc_masonry_media_grid element_width=&#8220;3&#8243; gap=&#8220;10&#8243; grid_id=&#8220;vc_gid:1698400728676-a3c21f62-b851-8&#8243; include=&#8220;179,191,183,228&#8243; css=&#8220;.vc_custom_1606130982273{background-color: #ffffff !important;}&#8220;][vc_empty_space height=&#8220;20px&#8220; css=&#8220;.vc_custom_1606129030954{background-color: #ffffff !important;}&#8220;][vc_row_inner css=&#8220;.vc_custom_1606128847420{background-color: #ffffff !important;}&#8220;][vc_column_inner width=&#8220;1\/2&#8243;][vc_column_text css=&#8220;.vc_custom_1607353292575{padding-bottom: 25px !important;padding-left: 25px !important;}&#8220;]<strong>Ein h\u00fcbsches rosa Chalet ideal f\u00fcr mehrk\u00f6pfige Familien<\/strong><\/p>\n<p>Mit 3 getrennten Zimmern, einem Badezimmer und einem gro\u00dfes Wohnzimmer mit offener, ausgestatteter K\u00fcche. Genie\u00dfen Sie den gro\u00dfen offenen Garten, umgeben von Gr\u00fcn und einem sch\u00f6nen Gel\u00e4nde mit vielen B\u00e4umen.[\/vc_column_text][\/vc_column_inner][vc_column_inner width=&#8220;1\/2&#8243;][vc_empty_space height=&#8220;12px&#8220; css=&#8220;.vc_custom_1606128820170{background-color: #ffffff !important;}&#8220;][vc_icon icon_fontawesome=&#8220;fas fa-home&#8220; color=&#8220;mulled_wine&#8220; size=&#8220;sm&#8220; align=&#8220;center&#8220; css=&#8220;.vc_custom_1606128980912{margin-top: -10px !important;margin-bottom: -10px !important;}&#8220;][vc_column_text]<\/p>\n<p style=\"text-align: center;\"><span style=\"text-decoration: underline;\"><strong><a href=\"https:\/\/media.huttopia.com\/hebergements\/124-bergroos\/plan-bergroos.jpg\" target=\"_blank\" rel=\"noopener noreferrer\">Siehe Plan<\/a><\/strong><\/span><\/p>\n<p>[\/vc_column_text][\/vc_column_inner][\/vc_row_inner][vc_empty_space height=&#8220;35px&#8220; css=&#8220;.vc_custom_1606138855124{background-color: #ffffff !important;}&#8220;]<div class=\"text-center btnwrap\"><a class=\"btn btn-huttopia-cta\" href=\"https:\/\/checkout.campings-nature.com\/site\/de\/932\" role=\"button\" target=\"\" onclick=\"dataLayer.push({'event':'clickCity', 'clickText':'Aufenthalt buchen'})\">Aufenthalt buchen<\/a><\/div><\/div>[\/vc_column][\/vc_row]<\/p>\n<\/div>","protected":false},"excerpt":{"rendered":"<p>[vc_row][vc_column][vc_single_image image=&#8220;89&#8243; img_size=&#8220;1900&#215;500&#8243; alignment=&#8220;center&#8220;][\/vc_column][\/vc_row][vc_row][vc_column][\/vc_column][\/vc_row][vc_row css=&#8220;.vc_custom_1606125701731{background-color: #e8e8e8 !important;}&#8220;][vc_column][\/vc_column][\/vc_row][vc_row css=&#8220;.vc_custom_1606125701731{background-color: #e8e8e8 !important;}&#8220;][vc_column][\/vc_column][\/vc_row][vc_row css=&#8220;.vc_custom_1606125701731{background-color: #e8e8e8 !important;}&#8220;][vc_column][\/vc_column][\/vc_row][vc_row css=&#8220;.vc_custom_1606125701731{background-color: #e8e8e8 !important;}&#8220;][vc_column][\/vc_column][\/vc_row][vc_row css=&#8220;.vc_custom_1606125701731{background-color: #e8e8e8 !important;}&#8220;][vc_column][\/vc_column][\/vc_row][vc_row css=&#8220;.vc_custom_1606125701731{background-color: #e8e8e8 !important;}&#8220;][vc_column][\/vc_column][\/vc_row]<\/p>\n","protected":false},"author":4,"featured_media":0,"parent":0,"menu_order":0,"comment_status":"closed","ping_status":"closed","template":"","meta":{"footnotes":""},"class_list":["post-374","page","type-page","status-publish","hentry"],"yoast_head":"<!-- This site is optimized with the Yoast SEO plugin v25.6 - https:\/\/yoast.com\/wordpress\/plugins\/seo\/ -->\n<title>Chalets - Chalets De Roos<\/title>\n<meta name=\"description\" content=\"Entdecken Sie die Holzchalets des Campingplatzes Huttopia De Roos f\u00fcr einen komfortablen Aufenthalt im Herzen der Natur in Overijsell.\" \/>\n<meta name=\"robots\" content=\"index, follow, max-snippet:-1, max-image-preview:large, max-video-preview:-1\" \/>\n<link rel=\"canonical\" href=\"https:\/\/www.chaletsderoos.nl\/de\/chalets\/\" \/>\n<meta property=\"og:locale\" content=\"de_DE\" \/>\n<meta property=\"og:type\" content=\"article\" \/>\n<meta property=\"og:title\" content=\"Chalets - Chalets De Roos\" \/>\n<meta property=\"og:description\" content=\"Entdecken Sie die Holzchalets des Campingplatzes Huttopia De Roos f\u00fcr einen komfortablen Aufenthalt im Herzen der Natur in Overijsell.\" \/>\n<meta property=\"og:url\" content=\"https:\/\/www.chaletsderoos.nl\/de\/chalets\/\" \/>\n<meta property=\"og:site_name\" content=\"Chalets De Roos\" \/>\n<meta property=\"article:modified_time\" content=\"2023-10-27T10:03:04+00:00\" \/>\n<meta name=\"twitter:card\" content=\"summary_large_image\" \/>\n<meta name=\"twitter:label1\" content=\"Est. reading time\" \/>\n\t<meta name=\"twitter:data1\" content=\"4 Minuten\" \/>\n<script type=\"application\/ld+json\" class=\"yoast-schema-graph\">{\"@context\":\"https:\/\/schema.org\",\"@graph\":[{\"@type\":\"WebPage\",\"@id\":\"https:\/\/www.chaletsderoos.nl\/de\/chalets\/\",\"url\":\"https:\/\/www.chaletsderoos.nl\/de\/chalets\/\",\"name\":\"Chalets - Chalets De Roos\",\"isPartOf\":{\"@id\":\"https:\/\/www.chaletsderoos.nl\/de\/#website\"},\"datePublished\":\"2020-11-23T08:50:18+00:00\",\"dateModified\":\"2023-10-27T10:03:04+00:00\",\"description\":\"Entdecken Sie die Holzchalets des Campingplatzes Huttopia De Roos f\u00fcr einen komfortablen Aufenthalt im Herzen der Natur in Overijsell.\",\"breadcrumb\":{\"@id\":\"https:\/\/www.chaletsderoos.nl\/de\/chalets\/#breadcrumb\"},\"inLanguage\":\"de-DE\",\"potentialAction\":[{\"@type\":\"ReadAction\",\"target\":[\"https:\/\/www.chaletsderoos.nl\/de\/chalets\/\"]}]},{\"@type\":\"BreadcrumbList\",\"@id\":\"https:\/\/www.chaletsderoos.nl\/de\/chalets\/#breadcrumb\",\"itemListElement\":[{\"@type\":\"ListItem\",\"position\":1,\"name\":\"Home\",\"item\":\"https:\/\/www.chaletsderoos.nl\/de\/\"},{\"@type\":\"ListItem\",\"position\":2,\"name\":\"Chalets\"}]},{\"@type\":\"WebSite\",\"@id\":\"https:\/\/www.chaletsderoos.nl\/de\/#website\",\"url\":\"https:\/\/www.chaletsderoos.nl\/de\/\",\"name\":\"Chalets De Roos\",\"description\":\"Un site utilisant Citykamp\",\"potentialAction\":[{\"@type\":\"SearchAction\",\"target\":{\"@type\":\"EntryPoint\",\"urlTemplate\":\"https:\/\/www.chaletsderoos.nl\/de\/?s={search_term_string}\"},\"query-input\":{\"@type\":\"PropertyValueSpecification\",\"valueRequired\":true,\"valueName\":\"search_term_string\"}}],\"inLanguage\":\"de-DE\"}]}<\/script>\n<!-- \/ Yoast SEO plugin. -->","yoast_head_json":{"title":"Chalets - Chalets De Roos","description":"Entdecken Sie die Holzchalets des Campingplatzes Huttopia De Roos f\u00fcr einen komfortablen Aufenthalt im Herzen der Natur in Overijsell.","robots":{"index":"index","follow":"follow","max-snippet":"max-snippet:-1","max-image-preview":"max-image-preview:large","max-video-preview":"max-video-preview:-1"},"canonical":"https:\/\/www.chaletsderoos.nl\/de\/chalets\/","og_locale":"de_DE","og_type":"article","og_title":"Chalets - Chalets De Roos","og_description":"Entdecken Sie die Holzchalets des Campingplatzes Huttopia De Roos f\u00fcr einen komfortablen Aufenthalt im Herzen der Natur in Overijsell.","og_url":"https:\/\/www.chaletsderoos.nl\/de\/chalets\/","og_site_name":"Chalets De Roos","article_modified_time":"2023-10-27T10:03:04+00:00","twitter_card":"summary_large_image","twitter_misc":{"Est. reading time":"4 Minuten"},"schema":{"@context":"https:\/\/schema.org","@graph":[{"@type":"WebPage","@id":"https:\/\/www.chaletsderoos.nl\/de\/chalets\/","url":"https:\/\/www.chaletsderoos.nl\/de\/chalets\/","name":"Chalets - Chalets De Roos","isPartOf":{"@id":"https:\/\/www.chaletsderoos.nl\/de\/#website"},"datePublished":"2020-11-23T08:50:18+00:00","dateModified":"2023-10-27T10:03:04+00:00","description":"Entdecken Sie die Holzchalets des Campingplatzes Huttopia De Roos f\u00fcr einen komfortablen Aufenthalt im Herzen der Natur in Overijsell.","breadcrumb":{"@id":"https:\/\/www.chaletsderoos.nl\/de\/chalets\/#breadcrumb"},"inLanguage":"de-DE","potentialAction":[{"@type":"ReadAction","target":["https:\/\/www.chaletsderoos.nl\/de\/chalets\/"]}]},{"@type":"BreadcrumbList","@id":"https:\/\/www.chaletsderoos.nl\/de\/chalets\/#breadcrumb","itemListElement":[{"@type":"ListItem","position":1,"name":"Home","item":"https:\/\/www.chaletsderoos.nl\/de\/"},{"@type":"ListItem","position":2,"name":"Chalets"}]},{"@type":"WebSite","@id":"https:\/\/www.chaletsderoos.nl\/de\/#website","url":"https:\/\/www.chaletsderoos.nl\/de\/","name":"Chalets De Roos","description":"Un site utilisant Citykamp","potentialAction":[{"@type":"SearchAction","target":{"@type":"EntryPoint","urlTemplate":"https:\/\/www.chaletsderoos.nl\/de\/?s={search_term_string}"},"query-input":{"@type":"PropertyValueSpecification","valueRequired":true,"valueName":"search_term_string"}}],"inLanguage":"de-DE"}]}},"_links":{"self":[{"href":"https:\/\/www.chaletsderoos.nl\/de\/wp-json\/wp\/v2\/pages\/374","targetHints":{"allow":["GET"]}}],"collection":[{"href":"https:\/\/www.chaletsderoos.nl\/de\/wp-json\/wp\/v2\/pages"}],"about":[{"href":"https:\/\/www.chaletsderoos.nl\/de\/wp-json\/wp\/v2\/types\/page"}],"author":[{"embeddable":true,"href":"https:\/\/www.chaletsderoos.nl\/de\/wp-json\/wp\/v2\/users\/4"}],"replies":[{"embeddable":true,"href":"https:\/\/www.chaletsderoos.nl\/de\/wp-json\/wp\/v2\/comments?post=374"}],"version-history":[{"count":4,"href":"https:\/\/www.chaletsderoos.nl\/de\/wp-json\/wp\/v2\/pages\/374\/revisions"}],"predecessor-version":[{"id":842,"href":"https:\/\/www.chaletsderoos.nl\/de\/wp-json\/wp\/v2\/pages\/374\/revisions\/842"}],"wp:attachment":[{"href":"https:\/\/www.chaletsderoos.nl\/de\/wp-json\/wp\/v2\/media?parent=374"}],"curies":[{"name":"wp","href":"https:\/\/api.w.org\/{rel}","templated":true}]}}