{"id":396,"date":"2020-11-23T09:50:52","date_gmt":"2020-11-23T08:50:52","guid":{"rendered":"http:\/\/www.citykamp.com\/chaletsderoos\/region\/"},"modified":"2020-12-14T09:28:41","modified_gmt":"2020-12-14T08:28:41","slug":"region","status":"publish","type":"page","link":"https:\/\/www.chaletsderoos.nl\/de\/region\/","title":{"rendered":"Region"},"content":{"rendered":"<div class=\"wpb-content-wrapper\"><p>[vc_row][vc_column][vc_single_image image=&#8220;268&#8243; img_size=&#8220;1900&#215;500&#8243; alignment=&#8220;center&#8220;][\/vc_column][\/vc_row][vc_row][vc_column]<div class=\"wrappedcontent\">[vc_column_text]<\/p>\n<h4>Ommen und Umgebung<\/h4>\n<p>[\/vc_column_text][vc_empty_space height=&#8220;20px&#8220;][vc_column_text]Der Campingplatz De Roos befindet sich mitten im Vechtdal in der Provinz Overijssel. Entdecken Sie eine der sch\u00f6nsten Regionen der Niederlande. Entlang der Vechte folgt ein malerisches Dorf und Naturgebiet dem anderen.[\/vc_column_text][vc_empty_space height=&#8220;20px&#8220;][vc_row_inner gap=&#8220;30&#8243; css=&#8220;.vc_custom_1606136644656{margin-left: -0.5px !important;}&#8220;][vc_column_inner width=&#8220;1\/3&#8243;][vc_masonry_media_grid element_width=&#8220;12&#8243; gap=&#8220;0&#8243; grid_id=&#8220;vc_gid:1607934319595-97e8c6d2-1af7-6&#8243; include=&#8220;272&#8243;][\/vc_column_inner][vc_column_inner width=&#8220;2\/3&#8243;][vc_column_text]<span style=\"color: #23afc2;\"><strong>Ommen:<\/strong><\/span> ist eine Stadt umgeben von einzigartig sch\u00f6ner Natur. Bummeln Sie die Fu\u00dfg\u00e4ngerzone entlang und entdecken Sie die vielen Gesch\u00e4fte und Restaurants. Den ganzen Sommer hindurch gibt es hier\u00a0 au\u00dferdem ein breites Angebot an Aktivit\u00e4ten im, auf dem und rund ums Wasser. Unser Tipp: Entdecken Sie die Region bei einer sch\u00f6nen Bootstour.<\/p>\n<p><span style=\"color: #23afc2;\"><strong>Beerze:<\/strong><\/span>\u00a0Dieses Dorf ist dank seiner niedrigen H\u00e4user mit Reetd\u00e4chern (auch s\u00e4chsische Bauernh\u00f6fe genannt) ein typisches Beispiel der l\u00e4ndlichen Architektur der Region Salland.<\/p>\n<p><span style=\"color: #23afc2;\"><strong>Giethoorn (60 km):<\/strong><\/span>\u00a0Dieses idyllische Dorf mit dem Spitznamen \u201eVenedig des Nordens\u201c ist bekannt f\u00fcr seine mit Reet gedeckten H\u00e4user aus dem 17. Jahrhundert und vielen bunten Blumen. Machen Sie einen Spaziergang durch die engen Gassen des Dorfes oder eine Bootsfahrt auf einem der vielen Kan\u00e4le.[\/vc_column_text][\/vc_column_inner][\/vc_row_inner][vc_empty_space height=&#8220;45px&#8220;][vc_row_inner gap=&#8220;30&#8243; css=&#8220;.vc_custom_1606136785818{margin-left: -0.5px !important;background-color: #e8e8e8 !important;}&#8220;][vc_column_inner width=&#8220;2\/3&#8243;][vc_column_text css=&#8220;.vc_custom_1607354733507{padding-top: 15px !important;padding-right: 15px !important;padding-bottom: 15px !important;padding-left: 15px !important;}&#8220;]<\/p>\n<h4>Sportliche Freizeitaktivit\u00e4ten<\/h4>\n<p>[\/vc_column_text][vc_empty_space height=&#8220;60px&#8220;][vc_column_text]Wanderfreunde werden von den vielen\u00a0<strong>Wanderwegen<\/strong>\u00a0und der atemberaubenden\u00a0<strong>Landschaft<\/strong> rund um den Campingplatz begeistert sein. Der Campingplatz De Roos eignet sich ebenfalls als idealer Ausgangspunkt f\u00fcr L\u00e4ufer, Radfahrer und Schwimmer, die das klare Wasser der Overijsselse Vechte genie\u00dfen m\u00f6chten.[\/vc_column_text][\/vc_column_inner][vc_column_inner width=&#8220;1\/3&#8243;][vc_masonry_media_grid element_width=&#8220;12&#8243; gap=&#8220;0&#8243; grid_id=&#8220;vc_gid:1607934319598-75719f2b-3319-2&#8243; include=&#8220;280&#8243;][\/vc_column_inner][\/vc_row_inner][vc_empty_space height=&#8220;45px&#8220;][vc_row_inner gap=&#8220;30&#8243; css=&#8220;.vc_custom_1606136780848{margin-left: -0.5px !important;}&#8220;][vc_column_inner width=&#8220;1\/3&#8243;][vc_masonry_media_grid element_width=&#8220;12&#8243; gap=&#8220;0&#8243; grid_id=&#8220;vc_gid:1607934319600-0ca83e45-1427-7&#8243; include=&#8220;276&#8243;][\/vc_column_inner][vc_column_inner width=&#8220;2\/3&#8243;][vc_column_text]<\/p>\n<h4>Mit Kindern<\/h4>\n<p>[\/vc_column_text][vc_empty_space height=&#8220;50px&#8220;][vc_column_text]<span style=\"color: #23afc2;\"><strong>Kabouterland:<\/strong><\/span>\u00a0Verbringen Sie mit Ihrer Familie einen wundervollen Tag im Dorf Exloo und entdecken Sie die mystischen Tiere und Lebewesen der Region: Gnome, Trolle und Spiele aller Art erwarten Sie!<\/p>\n<p><span style=\"color: #23afc2;\"><strong>Kruidenhoeve:<\/strong><\/span>\u00a0Machen Sie einen botanischen Ausflug nach Kruidenhoeve. Besuchen Sie die baumreichn Gartenanlagen und Gem\u00fcseg\u00e4rten und lernen Sie Kr\u00e4uter, spielerische Lehrpfade sowie die Tierwelt vor Ort kennen (Bienen, Schmetterlinge, Esel\u2026).[\/vc_column_text][\/vc_column_inner][\/vc_row_inner][vc_empty_space height=&#8220;30px&#8220;]<div class=\"text-center btnwrap\"><a class=\"btn btn-huttopia-cta\" href=\"https:\/\/checkout.campings-nature.com\/site\/de\/932\" role=\"button\" target=\"\" onclick=\"dataLayer.push({'event':'clickCity', 'clickText':'Aufenthalt buchen'})\">Aufenthalt buchen<\/a><\/div><\/div>[\/vc_column][\/vc_row]<\/p>\n<\/div>","protected":false},"excerpt":{"rendered":"<p>[vc_row][vc_column][vc_single_image image=&#8220;268&#8243; img_size=&#8220;1900&#215;500&#8243; alignment=&#8220;center&#8220;][\/vc_column][\/vc_row][vc_row][vc_column][\/vc_column][\/vc_row]<\/p>\n","protected":false},"author":4,"featured_media":0,"parent":0,"menu_order":0,"comment_status":"closed","ping_status":"closed","template":"","meta":{"footnotes":""},"class_list":["post-396","page","type-page","status-publish","hentry"],"yoast_head":"<!-- This site is optimized with the Yoast SEO plugin v25.6 - https:\/\/yoast.com\/wordpress\/plugins\/seo\/ -->\n<title>Region - Chalets De Roos<\/title>\n<meta name=\"description\" content=\"Entdecken Sie die Umgebung von Camping De Roos, die Region Vechtal in der Provinz Overijssel. Erkunden Sie eine der sch\u00f6nsten Regionen der Niederlande.\" \/>\n<meta name=\"robots\" content=\"index, follow, max-snippet:-1, max-image-preview:large, max-video-preview:-1\" \/>\n<link rel=\"canonical\" href=\"https:\/\/www.chaletsderoos.nl\/de\/region\/\" \/>\n<meta property=\"og:locale\" content=\"de_DE\" \/>\n<meta property=\"og:type\" content=\"article\" \/>\n<meta property=\"og:title\" content=\"Region - Chalets De Roos\" \/>\n<meta property=\"og:description\" content=\"Entdecken Sie die Umgebung von Camping De Roos, die Region Vechtal in der Provinz Overijssel. Erkunden Sie eine der sch\u00f6nsten Regionen der Niederlande.\" \/>\n<meta property=\"og:url\" content=\"https:\/\/www.chaletsderoos.nl\/de\/region\/\" \/>\n<meta property=\"og:site_name\" content=\"Chalets De Roos\" \/>\n<meta property=\"article:modified_time\" content=\"2020-12-14T08:28:41+00:00\" \/>\n<meta name=\"twitter:card\" content=\"summary_large_image\" \/>\n<meta name=\"twitter:label1\" content=\"Est. reading time\" \/>\n\t<meta name=\"twitter:data1\" content=\"3 Minuten\" \/>\n<script type=\"application\/ld+json\" class=\"yoast-schema-graph\">{\"@context\":\"https:\/\/schema.org\",\"@graph\":[{\"@type\":\"WebPage\",\"@id\":\"https:\/\/www.chaletsderoos.nl\/de\/region\/\",\"url\":\"https:\/\/www.chaletsderoos.nl\/de\/region\/\",\"name\":\"Region - Chalets De Roos\",\"isPartOf\":{\"@id\":\"https:\/\/www.chaletsderoos.nl\/de\/#website\"},\"datePublished\":\"2020-11-23T08:50:52+00:00\",\"dateModified\":\"2020-12-14T08:28:41+00:00\",\"description\":\"Entdecken Sie die Umgebung von Camping De Roos, die Region Vechtal in der Provinz Overijssel. Erkunden Sie eine der sch\u00f6nsten Regionen der Niederlande.\",\"breadcrumb\":{\"@id\":\"https:\/\/www.chaletsderoos.nl\/de\/region\/#breadcrumb\"},\"inLanguage\":\"de-DE\",\"potentialAction\":[{\"@type\":\"ReadAction\",\"target\":[\"https:\/\/www.chaletsderoos.nl\/de\/region\/\"]}]},{\"@type\":\"BreadcrumbList\",\"@id\":\"https:\/\/www.chaletsderoos.nl\/de\/region\/#breadcrumb\",\"itemListElement\":[{\"@type\":\"ListItem\",\"position\":1,\"name\":\"Home\",\"item\":\"https:\/\/www.chaletsderoos.nl\/de\/\"},{\"@type\":\"ListItem\",\"position\":2,\"name\":\"Region\"}]},{\"@type\":\"WebSite\",\"@id\":\"https:\/\/www.chaletsderoos.nl\/de\/#website\",\"url\":\"https:\/\/www.chaletsderoos.nl\/de\/\",\"name\":\"Chalets De Roos\",\"description\":\"Un site utilisant Citykamp\",\"potentialAction\":[{\"@type\":\"SearchAction\",\"target\":{\"@type\":\"EntryPoint\",\"urlTemplate\":\"https:\/\/www.chaletsderoos.nl\/de\/?s={search_term_string}\"},\"query-input\":{\"@type\":\"PropertyValueSpecification\",\"valueRequired\":true,\"valueName\":\"search_term_string\"}}],\"inLanguage\":\"de-DE\"}]}<\/script>\n<!-- \/ Yoast SEO plugin. -->","yoast_head_json":{"title":"Region - Chalets De Roos","description":"Entdecken Sie die Umgebung von Camping De Roos, die Region Vechtal in der Provinz Overijssel. Erkunden Sie eine der sch\u00f6nsten Regionen der Niederlande.","robots":{"index":"index","follow":"follow","max-snippet":"max-snippet:-1","max-image-preview":"max-image-preview:large","max-video-preview":"max-video-preview:-1"},"canonical":"https:\/\/www.chaletsderoos.nl\/de\/region\/","og_locale":"de_DE","og_type":"article","og_title":"Region - Chalets De Roos","og_description":"Entdecken Sie die Umgebung von Camping De Roos, die Region Vechtal in der Provinz Overijssel. Erkunden Sie eine der sch\u00f6nsten Regionen der Niederlande.","og_url":"https:\/\/www.chaletsderoos.nl\/de\/region\/","og_site_name":"Chalets De Roos","article_modified_time":"2020-12-14T08:28:41+00:00","twitter_card":"summary_large_image","twitter_misc":{"Est. reading time":"3 Minuten"},"schema":{"@context":"https:\/\/schema.org","@graph":[{"@type":"WebPage","@id":"https:\/\/www.chaletsderoos.nl\/de\/region\/","url":"https:\/\/www.chaletsderoos.nl\/de\/region\/","name":"Region - Chalets De Roos","isPartOf":{"@id":"https:\/\/www.chaletsderoos.nl\/de\/#website"},"datePublished":"2020-11-23T08:50:52+00:00","dateModified":"2020-12-14T08:28:41+00:00","description":"Entdecken Sie die Umgebung von Camping De Roos, die Region Vechtal in der Provinz Overijssel. Erkunden Sie eine der sch\u00f6nsten Regionen der Niederlande.","breadcrumb":{"@id":"https:\/\/www.chaletsderoos.nl\/de\/region\/#breadcrumb"},"inLanguage":"de-DE","potentialAction":[{"@type":"ReadAction","target":["https:\/\/www.chaletsderoos.nl\/de\/region\/"]}]},{"@type":"BreadcrumbList","@id":"https:\/\/www.chaletsderoos.nl\/de\/region\/#breadcrumb","itemListElement":[{"@type":"ListItem","position":1,"name":"Home","item":"https:\/\/www.chaletsderoos.nl\/de\/"},{"@type":"ListItem","position":2,"name":"Region"}]},{"@type":"WebSite","@id":"https:\/\/www.chaletsderoos.nl\/de\/#website","url":"https:\/\/www.chaletsderoos.nl\/de\/","name":"Chalets De Roos","description":"Un site utilisant Citykamp","potentialAction":[{"@type":"SearchAction","target":{"@type":"EntryPoint","urlTemplate":"https:\/\/www.chaletsderoos.nl\/de\/?s={search_term_string}"},"query-input":{"@type":"PropertyValueSpecification","valueRequired":true,"valueName":"search_term_string"}}],"inLanguage":"de-DE"}]}},"_links":{"self":[{"href":"https:\/\/www.chaletsderoos.nl\/de\/wp-json\/wp\/v2\/pages\/396","targetHints":{"allow":["GET"]}}],"collection":[{"href":"https:\/\/www.chaletsderoos.nl\/de\/wp-json\/wp\/v2\/pages"}],"about":[{"href":"https:\/\/www.chaletsderoos.nl\/de\/wp-json\/wp\/v2\/types\/page"}],"author":[{"embeddable":true,"href":"https:\/\/www.chaletsderoos.nl\/de\/wp-json\/wp\/v2\/users\/4"}],"replies":[{"embeddable":true,"href":"https:\/\/www.chaletsderoos.nl\/de\/wp-json\/wp\/v2\/comments?post=396"}],"version-history":[{"count":2,"href":"https:\/\/www.chaletsderoos.nl\/de\/wp-json\/wp\/v2\/pages\/396\/revisions"}],"predecessor-version":[{"id":613,"href":"https:\/\/www.chaletsderoos.nl\/de\/wp-json\/wp\/v2\/pages\/396\/revisions\/613"}],"wp:attachment":[{"href":"https:\/\/www.chaletsderoos.nl\/de\/wp-json\/wp\/v2\/media?parent=396"}],"curies":[{"name":"wp","href":"https:\/\/api.w.org\/{rel}","templated":true}]}}