{"id":412,"date":"2020-11-23T09:50:43","date_gmt":"2020-11-23T08:50:43","guid":{"rendered":"http:\/\/www.citykamp.com\/chaletsderoos\/services\/"},"modified":"2023-05-04T13:49:45","modified_gmt":"2023-05-04T11:49:45","slug":"services","status":"publish","type":"page","link":"https:\/\/www.chaletsderoos.nl\/de\/services\/","title":{"rendered":"Dienstleistungen"},"content":{"rendered":"<div class=\"wpb-content-wrapper\"><p>[vc_row][vc_column][vc_single_image image=&#8220;234&#8243; img_size=&#8220;1900&#215;500&#8243; alignment=&#8220;center&#8220;][\/vc_column][\/vc_row][vc_row][vc_column]<div class=\"wrappedcontent\">[vc_column_text]<\/p>\n<h3>Viel Service f\u00fcr Ihren Komfort<\/h3>\n<p>Nutzen Sie w\u00e4hrend Ihres Aufenthalts in einem Chalet alle Services und Aktivit\u00e4ten des Campingplatzes Huttopia De Roos (zu den \u00d6ffnungszeiten des Campingplatzes).[\/vc_column_text]<\/div>[\/vc_column][\/vc_row][vc_row css=&#8220;.vc_custom_1606131869086{background-color: #e8e8e8 !important;}&#8220;][vc_column]<div class=\"wrappedcontent\">[vc_row_inner equal_height=&#8220;yes&#8220; gap=&#8220;35&#8243; css=&#8220;.vc_custom_1606131955021{margin-left: -0.5px !important;background-color: #ffffff !important;}&#8220;][vc_column_inner width=&#8220;1\/3&#8243;][vc_masonry_media_grid element_width=&#8220;12&#8243; gap=&#8220;0&#8243; grid_id=&#8220;vc_gid:1683200800825-88018944-8bdf-9&#8243; include=&#8220;238&#8243;][\/vc_column_inner][vc_column_inner width=&#8220;2\/3&#8243;][vc_empty_space height=&#8220;25px&#8220;][vc_column_text]<\/p>\n<h3><span style=\"color: #23afc2;\">Die rezeption<\/span><\/h3>\n<p>Begeben Sie sich bitte bei Ihrer Ankunft zur Rezeption, wo Sie alle wichtigen Informationen \u00fcber den Campingplatz und Ihren Aufenthalt erhalten. Das Rezeptionsteam steht Ihnen gerne Ihren ganzen Aufenthalt hindurch mit Ausk\u00fcnften bez\u00fcglich interessanter Sehensw\u00fcrdigkeiten und des Aktivit\u00e4ts- und Ausflugsangebots in der Umgebung zur Seite.<br \/>\nFalls Sie nach 20 Uhr ankommen sollten, verst\u00e4ndigen Sie bitte rechtzeitig die Rezeption, damit wir Ihnen alle notwendigen Informationen bez\u00fcglich Ihrer Ankunft geben k\u00f6nnen.[\/vc_column_text][\/vc_column_inner][\/vc_row_inner][vc_empty_space height=&#8220;45px&#8220;][vc_row_inner equal_height=&#8220;yes&#8220; gap=&#8220;35&#8243; css=&#8220;.vc_custom_1606131955021{margin-left: -0.5px !important;background-color: #ffffff !important;}&#8220;][vc_column_inner width=&#8220;2\/3&#8243;][vc_empty_space height=&#8220;25px&#8220;][vc_column_text]<\/p>\n<h3><span style=\"color: #23afc2;\">Badespa\u1e9e<\/span><\/h3>\n<p>Was k\u00f6nnte mehr Spa\u00df machen als Naturbaden in der Vecht?<\/p>\n<p>Im Sommer eignet sich der sch\u00f6ne, feine Sandstrand ideal f\u00fcr die Eltern zum Entspannen, w\u00e4hrend sich ihre kleinen Sch\u00fctzlinge vollkommen sicher im Kinderbereich im Wasser vergn\u00fcgen (max. Tiefe: 60 cm). Die Gr\u00f6\u00dferen k\u00f6nnen von drei Stegen aus in den Fluss springen, schwimmen und miteinander im Wasser spielen.[\/vc_column_text][\/vc_column_inner][vc_column_inner width=&#8220;1\/3&#8243;][vc_masonry_media_grid element_width=&#8220;12&#8243; gap=&#8220;0&#8243; grid_id=&#8220;vc_gid:1683200800827-b49dec83-4dea-7&#8243; include=&#8220;242&#8243;][\/vc_column_inner][\/vc_row_inner][vc_empty_space height=&#8220;45px&#8220;][vc_row_inner equal_height=&#8220;yes&#8220; gap=&#8220;35&#8243; css=&#8220;.vc_custom_1606131955021{margin-left: -0.5px !important;background-color: #ffffff !important;}&#8220;][vc_column_inner width=&#8220;1\/3&#8243;][vc_masonry_media_grid element_width=&#8220;12&#8243; gap=&#8220;0&#8243; grid_id=&#8220;vc_gid:1683200800829-84f136cc-75a4-3&#8243; include=&#8220;246&#8243;][\/vc_column_inner][vc_column_inner width=&#8220;2\/3&#8243;][vc_empty_space height=&#8220;25px&#8220;][vc_column_text]<\/p>\n<h3><span style=\"color: #23afc2;\">Verpflegung vor Ort<\/span><\/h3>\n<p>Nutzen Sie an den Sommerabenden unseren Pizza-Grill-Service und lassen Sie sich herrliche hausgemachte Pizzas schmecken. Dar\u00fcber hinaus gibt es f\u00fcr die ganze Familie Aufschnittsplatten zum Aperitif, k\u00f6stliche regionale Produkte und leckeres Eis\u2026[\/vc_column_text][\/vc_column_inner][\/vc_row_inner]<\/div>[\/vc_column][\/vc_row][vc_row][vc_column]<div class=\"wrappedcontent\">[vc_row_inner equal_height=&#8220;yes&#8220; gap=&#8220;25&#8243; css=&#8220;.vc_custom_1606132159710{margin-left: -0.5px !important;}&#8220;][vc_column_inner width=&#8220;1\/3&#8243;][vc_column_text]<\/p>\n<h3 style=\"text-align: center;\"><span style=\"color: #23afc2;\">Baby Special<\/span><\/h3>\n<p>[\/vc_column_text][vc_empty_space height=&#8220;15px&#8220;][vc_masonry_media_grid element_width=&#8220;12&#8243; gap=&#8220;0&#8243; grid_id=&#8220;vc_gid:1683200800832-989eee24-656b-2&#8243; include=&#8220;303&#8243;][vc_empty_space height=&#8220;15px&#8220;][vc_column_text]Vermietung von Baby-Kits mit Kinderbett, Badewanne und Hochstuhl. Au\u00dferhalb des Sommers ist das Baby Special kostenlos![\/vc_column_text][\/vc_column_inner][vc_column_inner width=&#8220;1\/3&#8243;][vc_column_text]<\/p>\n<h3 style=\"text-align: center;\"><span style=\"color: #23afc2;\">Der Kinderclub<\/span><\/h3>\n<p>[\/vc_column_text][vc_empty_space height=&#8220;15px&#8220;][vc_masonry_media_grid element_width=&#8220;12&#8243; gap=&#8220;0&#8243; grid_id=&#8220;vc_gid:1683200800833-9410f31f-fe6d-0&#8243; include=&#8220;251&#8243;][vc_empty_space height=&#8220;15px&#8220;][vc_column_text]Jeden Vormittag in der Woche Basteln, Spiel und Entdeckung f\u00fcr Kinder von 5 bis 11 Jahren. Um sich zu am\u00fcsieren und Freundschaften zu schlie\u00dfen![\/vc_column_text][\/vc_column_inner][vc_column_inner width=&#8220;1\/3&#8243;][vc_column_text]<\/p>\n<h3 style=\"text-align: center;\"><span style=\"color: #23afc2;\">Fahrradverleih<\/span><\/h3>\n<p>[\/vc_column_text][vc_empty_space height=&#8220;15px&#8220;][vc_masonry_media_grid element_width=&#8220;12&#8243; gap=&#8220;0&#8243; grid_id=&#8220;vc_gid:1683200800835-a9dd87db-d2ee-9&#8243; include=&#8220;255&#8243;][vc_empty_space height=&#8220;15px&#8220;][vc_column_text]Mieten Sie vor Ort Fahrr\u00e4der f\u00fcr die ganze Familie, halb- oder ganztags: R\u00e4der f\u00fcr Erwachsene, Kinderfahrr\u00e4der, Tandems (ein Erwachsener, ein Kind), Kindersitze\u2026[\/vc_column_text][\/vc_column_inner][\/vc_row_inner][vc_empty_space height=&#8220;15px&#8220;]<div class=\"text-center btnwrap\"><a class=\"btn btn-huttopia-cta\" href=\"https:\/\/checkout.campings-nature.com\/site\/de\/932\" role=\"button\" target=\"\" onclick=\"dataLayer.push({'event':'clickCity', 'clickText':'Aufenthalt buchen'})\">Aufenthalt buchen<\/a><\/div><\/div>[\/vc_column][\/vc_row][vc_row css=&#8220;.vc_custom_1606132517208{background-color: #e8e8e8 !important;}&#8220;][vc_column]<div class=\"wrappedcontent\">[vc_column_text]<\/p>\n<h3><span style=\"color: #23afc2;\">PRAKTISCHE INFORMATION<\/span><\/h3>\n<p><strong>&gt; Check-In ab 16Uhr, Check-Out bis 10Uhr.<\/strong><br \/>\n&gt; Die maximale Kapazit\u00e4t der Chalets muss eingehalten werden.<br \/>\n&gt; W\u00f6chentliche Aufenthalte von Freitag bis Freitag (ausgenommen sind Himmelfahrt- und Pfingsten).<br \/>\n&gt; Internet und kostenloses WLAN an der Rezeption und im Gemeinschaftsbereich<br \/>\n&gt; Ein Waschraum mit Waschmaschinen, W\u00e4schetrockner und B\u00fcgeleisen (M\u00fcnzen und Waschmittel sind an der Rezeption erh\u00e4ltlich)<br \/>\n&gt; Supermarkt vor Ort<br \/>\n&gt; Maximal ein Tier pro Unterkunft. Die Tiere m\u00fcssen geimpft sein und an der Leine gehalten werden.[\/vc_column_text]<\/div>[\/vc_column][\/vc_row]<\/p>\n<\/div>","protected":false},"excerpt":{"rendered":"<p>[vc_row][vc_column][vc_single_image image=&#8220;234&#8243; img_size=&#8220;1900&#215;500&#8243; alignment=&#8220;center&#8220;][\/vc_column][\/vc_row][vc_row][vc_column][\/vc_column][\/vc_row][vc_row css=&#8220;.vc_custom_1606131869086{background-color: #e8e8e8 !important;}&#8220;][vc_column][\/vc_column][\/vc_row][vc_row][vc_column][\/vc_column][\/vc_row][vc_row css=&#8220;.vc_custom_1606132517208{background-color: #e8e8e8 !important;}&#8220;][vc_column][\/vc_column][\/vc_row]<\/p>\n","protected":false},"author":4,"featured_media":0,"parent":0,"menu_order":0,"comment_status":"closed","ping_status":"closed","template":"","meta":{"footnotes":""},"class_list":["post-412","page","type-page","status-publish","hentry"],"yoast_head":"<!-- This site is optimized with the Yoast SEO plugin v25.6 - https:\/\/yoast.com\/wordpress\/plugins\/seo\/ -->\n<title>Dienstleistungen - Chalets De Roos<\/title>\n<meta name=\"description\" content=\"Entdecken Sie die Dienstleistungen von Camping De Roos. Verpflegung, Schwimmen, Aktivit\u00e4ten f\u00fcr Kinder.\" \/>\n<meta name=\"robots\" content=\"index, follow, max-snippet:-1, max-image-preview:large, max-video-preview:-1\" \/>\n<link rel=\"canonical\" href=\"https:\/\/www.chaletsderoos.nl\/de\/services\/\" \/>\n<meta property=\"og:locale\" content=\"de_DE\" \/>\n<meta property=\"og:type\" content=\"article\" \/>\n<meta property=\"og:title\" content=\"Dienstleistungen - Chalets De Roos\" \/>\n<meta property=\"og:description\" content=\"Entdecken Sie die Dienstleistungen von Camping De Roos. Verpflegung, Schwimmen, Aktivit\u00e4ten f\u00fcr Kinder.\" \/>\n<meta property=\"og:url\" content=\"https:\/\/www.chaletsderoos.nl\/de\/services\/\" \/>\n<meta property=\"og:site_name\" content=\"Chalets De Roos\" \/>\n<meta property=\"article:modified_time\" content=\"2023-05-04T11:49:45+00:00\" \/>\n<meta name=\"twitter:card\" content=\"summary_large_image\" \/>\n<meta name=\"twitter:label1\" content=\"Est. reading time\" \/>\n\t<meta name=\"twitter:data1\" content=\"3 Minuten\" \/>\n<script type=\"application\/ld+json\" class=\"yoast-schema-graph\">{\"@context\":\"https:\/\/schema.org\",\"@graph\":[{\"@type\":\"WebPage\",\"@id\":\"https:\/\/www.chaletsderoos.nl\/de\/services\/\",\"url\":\"https:\/\/www.chaletsderoos.nl\/de\/services\/\",\"name\":\"Dienstleistungen - Chalets De Roos\",\"isPartOf\":{\"@id\":\"https:\/\/www.chaletsderoos.nl\/de\/#website\"},\"datePublished\":\"2020-11-23T08:50:43+00:00\",\"dateModified\":\"2023-05-04T11:49:45+00:00\",\"description\":\"Entdecken Sie die Dienstleistungen von Camping De Roos. Verpflegung, Schwimmen, Aktivit\u00e4ten f\u00fcr Kinder.\",\"breadcrumb\":{\"@id\":\"https:\/\/www.chaletsderoos.nl\/de\/services\/#breadcrumb\"},\"inLanguage\":\"de-DE\",\"potentialAction\":[{\"@type\":\"ReadAction\",\"target\":[\"https:\/\/www.chaletsderoos.nl\/de\/services\/\"]}]},{\"@type\":\"BreadcrumbList\",\"@id\":\"https:\/\/www.chaletsderoos.nl\/de\/services\/#breadcrumb\",\"itemListElement\":[{\"@type\":\"ListItem\",\"position\":1,\"name\":\"Home\",\"item\":\"https:\/\/www.chaletsderoos.nl\/de\/\"},{\"@type\":\"ListItem\",\"position\":2,\"name\":\"Dienstleistungen\"}]},{\"@type\":\"WebSite\",\"@id\":\"https:\/\/www.chaletsderoos.nl\/de\/#website\",\"url\":\"https:\/\/www.chaletsderoos.nl\/de\/\",\"name\":\"Chalets De Roos\",\"description\":\"Un site utilisant Citykamp\",\"potentialAction\":[{\"@type\":\"SearchAction\",\"target\":{\"@type\":\"EntryPoint\",\"urlTemplate\":\"https:\/\/www.chaletsderoos.nl\/de\/?s={search_term_string}\"},\"query-input\":{\"@type\":\"PropertyValueSpecification\",\"valueRequired\":true,\"valueName\":\"search_term_string\"}}],\"inLanguage\":\"de-DE\"}]}<\/script>\n<!-- \/ Yoast SEO plugin. -->","yoast_head_json":{"title":"Dienstleistungen - Chalets De Roos","description":"Entdecken Sie die Dienstleistungen von Camping De Roos. Verpflegung, Schwimmen, Aktivit\u00e4ten f\u00fcr Kinder.","robots":{"index":"index","follow":"follow","max-snippet":"max-snippet:-1","max-image-preview":"max-image-preview:large","max-video-preview":"max-video-preview:-1"},"canonical":"https:\/\/www.chaletsderoos.nl\/de\/services\/","og_locale":"de_DE","og_type":"article","og_title":"Dienstleistungen - Chalets De Roos","og_description":"Entdecken Sie die Dienstleistungen von Camping De Roos. Verpflegung, Schwimmen, Aktivit\u00e4ten f\u00fcr Kinder.","og_url":"https:\/\/www.chaletsderoos.nl\/de\/services\/","og_site_name":"Chalets De Roos","article_modified_time":"2023-05-04T11:49:45+00:00","twitter_card":"summary_large_image","twitter_misc":{"Est. reading time":"3 Minuten"},"schema":{"@context":"https:\/\/schema.org","@graph":[{"@type":"WebPage","@id":"https:\/\/www.chaletsderoos.nl\/de\/services\/","url":"https:\/\/www.chaletsderoos.nl\/de\/services\/","name":"Dienstleistungen - Chalets De Roos","isPartOf":{"@id":"https:\/\/www.chaletsderoos.nl\/de\/#website"},"datePublished":"2020-11-23T08:50:43+00:00","dateModified":"2023-05-04T11:49:45+00:00","description":"Entdecken Sie die Dienstleistungen von Camping De Roos. Verpflegung, Schwimmen, Aktivit\u00e4ten f\u00fcr Kinder.","breadcrumb":{"@id":"https:\/\/www.chaletsderoos.nl\/de\/services\/#breadcrumb"},"inLanguage":"de-DE","potentialAction":[{"@type":"ReadAction","target":["https:\/\/www.chaletsderoos.nl\/de\/services\/"]}]},{"@type":"BreadcrumbList","@id":"https:\/\/www.chaletsderoos.nl\/de\/services\/#breadcrumb","itemListElement":[{"@type":"ListItem","position":1,"name":"Home","item":"https:\/\/www.chaletsderoos.nl\/de\/"},{"@type":"ListItem","position":2,"name":"Dienstleistungen"}]},{"@type":"WebSite","@id":"https:\/\/www.chaletsderoos.nl\/de\/#website","url":"https:\/\/www.chaletsderoos.nl\/de\/","name":"Chalets De Roos","description":"Un site utilisant Citykamp","potentialAction":[{"@type":"SearchAction","target":{"@type":"EntryPoint","urlTemplate":"https:\/\/www.chaletsderoos.nl\/de\/?s={search_term_string}"},"query-input":{"@type":"PropertyValueSpecification","valueRequired":true,"valueName":"search_term_string"}}],"inLanguage":"de-DE"}]}},"_links":{"self":[{"href":"https:\/\/www.chaletsderoos.nl\/de\/wp-json\/wp\/v2\/pages\/412","targetHints":{"allow":["GET"]}}],"collection":[{"href":"https:\/\/www.chaletsderoos.nl\/de\/wp-json\/wp\/v2\/pages"}],"about":[{"href":"https:\/\/www.chaletsderoos.nl\/de\/wp-json\/wp\/v2\/types\/page"}],"author":[{"embeddable":true,"href":"https:\/\/www.chaletsderoos.nl\/de\/wp-json\/wp\/v2\/users\/4"}],"replies":[{"embeddable":true,"href":"https:\/\/www.chaletsderoos.nl\/de\/wp-json\/wp\/v2\/comments?post=412"}],"version-history":[{"count":3,"href":"https:\/\/www.chaletsderoos.nl\/de\/wp-json\/wp\/v2\/pages\/412\/revisions"}],"predecessor-version":[{"id":820,"href":"https:\/\/www.chaletsderoos.nl\/de\/wp-json\/wp\/v2\/pages\/412\/revisions\/820"}],"wp:attachment":[{"href":"https:\/\/www.chaletsderoos.nl\/de\/wp-json\/wp\/v2\/media?parent=412"}],"curies":[{"name":"wp","href":"https:\/\/api.w.org\/{rel}","templated":true}]}}