{"id":13,"date":"2020-11-23T09:49:57","date_gmt":"2020-11-23T08:49:57","guid":{"rendered":"http:\/\/www.citykamp.com\/chaletsderoos\/?page_id=13"},"modified":"2025-12-01T15:49:22","modified_gmt":"2025-12-01T14:49:22","slug":"accueil","status":"publish","type":"page","link":"https:\/\/www.chaletsderoos.nl\/fr\/","title":{"rendered":"Accueil"},"content":{"rendered":"<div class=\"wpb-content-wrapper\"><p>[vc_row][vc_column]<div class=\"wrappedcontent\">[vc_row_inner content_placement=\u00a0\u00bbmiddle\u00a0\u00bb gap=\u00a0\u00bb25&Prime; css=\u00a0\u00bb.vc_custom_1606122725331{margin-left: -0.5px !important;}\u00a0\u00bb][vc_column_inner width=\u00a0\u00bb2\/3&Prime;][vc_column_text css=\u00a0\u00bb\u00a0\u00bb]<\/p>\n<h3><span style=\"color: #333333;\">Votre location de Vacances \u00e0 Beerze-Ommen<\/span><\/h3>\n<p><span style=\"color: #23afc2; font-size: 14pt;\">Ouvert du 02\/04\/2026 au 25\/10\/2026<br \/>\n<\/span><\/p>\n<p>Louez votre maison de vacances \u00e0 Ommen, dans la superbe r\u00e9gion de Overijssel.<br \/>\n\u00c0 seulement 2h d&rsquo;Amsterdam, d\u00e9connectez au c\u0153ur d&rsquo;un superbe cadre naturel.[\/vc_column_text][\/vc_column_inner][vc_column_inner width=\u00a0\u00bb1\/3&Prime; css=\u00a0\u00bb.vc_custom_1606122738674{padding-top: 15px !important;padding-right: 15px !important;padding-bottom: 15px !important;padding-left: 15px !important;background-color: #23afc2 !important;}\u00a0\u00bb][vc_column_text css=\u00a0\u00bb.vc_custom_1606122806562{padding-top: 15px !important;padding-right: 15px !important;padding-bottom: 15px !important;padding-left: 15px !important;}\u00a0\u00bb]<\/p>\n<h3 style=\"text-align: center;\"><span style=\"color: #ffffff;\">COUPS DE C\u0152UR<\/span><\/h3>\n<h4 style=\"text-align: center;\"><span style=\"color: #ffffff;\"><strong><span style=\"font-size: 14pt;\">Des maisonnettes de vacances tout \u00e9quip\u00e9es<br \/>\n27 ha de nature pr\u00e9serv\u00e9e<br \/>\nDe nombreux services sur place<\/span><\/strong><\/span><\/h4>\n<p>[\/vc_column_text][\/vc_column_inner][\/vc_row_inner]<\/div>[\/vc_column][\/vc_row][vc_row css=\u00a0\u00bb.vc_custom_1606123134517{background-color: #e8e8e8 !important;}\u00a0\u00bb][vc_column]<div class=\"wrappedcontent\">[vc_row_inner equal_height=\u00a0\u00bbyes\u00a0\u00bb gap=\u00a0\u00bb35&Prime; css=\u00a0\u00bb.vc_custom_1606123981061{margin-left: -0.5px !important;background-color: #ffffff !important;}\u00a0\u00bb][vc_column_inner width=\u00a0\u00bb1\/3&Prime;][vc_masonry_media_grid element_width=\u00a0\u00bb12&Prime; gap=\u00a0\u00bb0&Prime; grid_id=\u00a0\u00bbvc_gid:1764600490596-885ea891-9a6d-4&Prime; include=\u00a0\u00bb307&Prime;][\/vc_column_inner][vc_column_inner width=\u00a0\u00bb2\/3&Prime;][vc_empty_space height=\u00a0\u00bb20px\u00a0\u00bb][vc_column_text]<\/p>\n<h3><span style=\"color: #23afc2;\">Un s\u00e9jour nature<\/span><\/h3>\n<p>D\u00e9couvrez un cadre naturel exceptionnel \u00e0 deux pas d&rsquo;Ommen et en bordure de la rivi\u00e8re Vecht. Votre location saisonni\u00e8re au c\u0153ur de la nature&#8230;[\/vc_column_text][\/vc_column_inner][\/vc_row_inner][vc_empty_space height=\u00a0\u00bb45px\u00a0\u00bb][vc_row_inner equal_height=\u00a0\u00bbyes\u00a0\u00bb gap=\u00a0\u00bb35&Prime; css=\u00a0\u00bb.vc_custom_1606123987820{margin-left: -0.5px !important;background-color: #ffffff !important;}\u00a0\u00bb][vc_column_inner width=\u00a0\u00bb2\/3&Prime;][vc_empty_space height=\u00a0\u00bb20px\u00a0\u00bb][vc_column_text]<\/p>\n<h3><span style=\"color: #23afc2;\">D\u00e9couvrez les chalets du camping De Roos !<\/span><\/h3>\n<p>S\u00e9journez dans de belles maisons de vacances tout \u00e9quip\u00e9es et entour\u00e9es par la nature. Profitez d&rsquo;h\u00e9bergements confortables et spacieux : cusine \u00e9quip\u00e9e, coin s\u00e9jour avec canap\u00e9, salle de bain, chambres avec literie confortable et lavabos, chauffage au gaz (en suppl\u00e9ment), et une grande terrasse am\u00e9nag\u00e9e. Le plus ? Un grand jardin devant les chalets pour profiter de la nature, jouer au ballon avec les enfants&#8230;[\/vc_column_text][\/vc_column_inner][vc_column_inner width=\u00a0\u00bb1\/3&Prime;][vc_masonry_media_grid element_width=\u00a0\u00bb12&Prime; gap=\u00a0\u00bb0&Prime; grid_id=\u00a0\u00bbvc_gid:1764600490603-e8d91fd6-03fc-2&Prime; include=\u00a0\u00bb52&Prime;][\/vc_column_inner][\/vc_row_inner][vc_empty_space height=\u00a0\u00bb15px\u00a0\u00bb]<div class=\"text-center btnwrap\"><a class=\"btn btn-huttopia-cta\" href=\"https:\/\/checkout.campings-nature.com\/site\/fr\/932\" role=\"button\" target=\"\" onclick=\"dataLayer.push({'event':'clickCity', 'clickText':'R\u00e9servez votre s\u00e9jour'})\">R\u00e9servez votre s\u00e9jour<\/a><\/div><\/div>[\/vc_column][\/vc_row][vc_row][vc_column]<div class=\"wrappedcontent\">[vc_row_inner gap=\u00a0\u00bb20&Prime; css=\u00a0\u00bb.vc_custom_1606123994452{margin-left: -0.5px !important;}\u00a0\u00bb][vc_column_inner width=\u00a0\u00bb1\/3&Prime;][vc_masonry_media_grid element_width=\u00a0\u00bb12&Prime; gap=\u00a0\u00bb0&Prime; item=\u00a0\u00bb59&Prime; grid_id=\u00a0\u00bbvc_gid:1764600490607-c67ed844-7aa0-5&Prime; include=\u00a0\u00bb63&Prime;][\/vc_column_inner][vc_column_inner width=\u00a0\u00bb1\/3&Prime;][vc_masonry_media_grid element_width=\u00a0\u00bb12&Prime; gap=\u00a0\u00bb0&Prime; item=\u00a0\u00bb60&Prime; grid_id=\u00a0\u00bbvc_gid:1764600490609-6cebc909-d839-1&Prime; include=\u00a0\u00bb67&Prime;][\/vc_column_inner][vc_column_inner width=\u00a0\u00bb1\/3&Prime;][vc_masonry_media_grid element_width=\u00a0\u00bb12&Prime; gap=\u00a0\u00bb0&Prime; item=\u00a0\u00bb61&Prime; grid_id=\u00a0\u00bbvc_gid:1764600490610-6dc557cc-d9a2-7&Prime; include=\u00a0\u00bb71&Prime;][\/vc_column_inner][\/vc_row_inner][vc_empty_space height=\u00a0\u00bb45px\u00a0\u00bb][vc_row_inner css=\u00a0\u00bb.vc_custom_1606124293773{margin-left: -0.5px !important;}\u00a0\u00bb][vc_column_inner width=\u00a0\u00bb1\/2&Prime; css=\u00a0\u00bb.vc_custom_1606124483790{background-color: #e8e8e8 !important;}\u00a0\u00bb][vc_icon icon_fontawesome=\u00a0\u00bbfar fa-envelope\u00a0\u00bb color=\u00a0\u00bbcustom\u00a0\u00bb align=\u00a0\u00bbcenter\u00a0\u00bb css=\u00a0\u00bb.vc_custom_1607530011832{margin-bottom: -10px !important;padding-top: 15px !important;}\u00a0\u00bb custom_color=\u00a0\u00bb#23afc2&Prime; link=\u00a0\u00bburl:https%3A%2F%2Fwww.chaletsderoos.nl%2Ffr%2Fcontact%2F\u00a0\u00bb][vc_column_text css=\u00a0\u00bb.vc_custom_1607530005957{padding-top: 25px !important;padding-right: 15px !important;padding-bottom: 15px !important;padding-left: 15px !important;}\u00a0\u00bb]<\/p>\n<p style=\"text-align: center;\"><a href=\"https:\/\/www.chaletsderoos.nl\/fr\/contact\/\">Contact<\/a><\/p>\n<p>[\/vc_column_text][\/vc_column_inner][vc_column_inner width=\u00a0\u00bb1\/2&Prime; css=\u00a0\u00bb.vc_custom_1606124487632{background-color: #e8e8e8 !important;}\u00a0\u00bb][vc_icon icon_fontawesome=\u00a0\u00bbfas fa-map-marker-alt\u00a0\u00bb color=\u00a0\u00bbcustom\u00a0\u00bb align=\u00a0\u00bbcenter\u00a0\u00bb css=\u00a0\u00bb.vc_custom_1606124466404{margin-bottom: -10px !important;padding-top: 15px !important;}\u00a0\u00bb custom_color=\u00a0\u00bb#23afc2&Prime; link=\u00a0\u00bburl:https%3A%2F%2Fwww.google.fr%2Fmaps%2Fdir%2F%2FBeerzerweg%2B10%2C%2B7736%2BPJ%2BBeerze%2C%2BPays-Bas%2F%4052.5108232%2C6.5133453%2C17z%2Fdata%3D!4m9!4m8!1m0!1m5!1m1!1s0x47c7fde2fbb79d49%3A0xdc1a4b8dfc93c7c!2m2!1d6.515534!2d52.51082!3e0&Prime;][vc_column_text css=\u00a0\u00bb.vc_custom_1606124562727{padding-top: 25px !important;padding-right: 15px !important;padding-bottom: 15px !important;padding-left: 15px !important;}\u00a0\u00bb]<\/p>\n<p style=\"text-align: center;\"><a href=\"https:\/\/www.google.fr\/maps\/dir\/\/Beerzerweg+10,+7736+PJ+Beerze,+Pays-Bas\/@52.5108232,6.5133453,17z\/data=!4m9!4m8!1m0!1m5!1m1!1s0x47c7fde2fbb79d49:0xdc1a4b8dfc93c7c!2m2!1d6.515534!2d52.51082!3e0\">Itin\u00e9raire<\/a><\/p>\n<p>[\/vc_column_text][\/vc_column_inner][\/vc_row_inner]<\/div>[\/vc_column][\/vc_row][vc_row equal_height=\u00a0\u00bbyes\u00a0\u00bb css=\u00a0\u00bb.vc_custom_1606125051343{background-color: #e8e8e8 !important;}\u00a0\u00bb][vc_column]<div class=\"wrappedcontent\">[vc_column_text]<\/p>\n<h4>Comment venir ?<\/h4>\n<p>[\/vc_column_text][vc_empty_space height=\u00a0\u00bb25px\u00a0\u00bb][vc_text_separator title=\u00a0\u00bbItin\u00e9raires\u00a0\u00bb color=\u00a0\u00bbwhite\u00a0\u00bb][vc_empty_space height=\u00a0\u00bb15px\u00a0\u00bb][vc_row_inner equal_height=\u00a0\u00bbyes\u00a0\u00bb gap=\u00a0\u00bb25&Prime; css=\u00a0\u00bb.vc_custom_1607423562694{margin-left: -0.5px !important;}\u00a0\u00bb][vc_column_inner width=\u00a0\u00bb1\/2&Prime;][vc_column_text css=\u00a0\u00bb.vc_custom_1606124976675{padding-top: 10px !important;padding-right: 10px !important;padding-bottom: 10px !important;padding-left: 10px !important;background-color: #ffffff !important;}\u00a0\u00bb]<\/p>\n<p style=\"text-align: center;\"><strong>A: En venant de Zwolle<\/strong><\/p>\n<p style=\"text-align: center;\"><span style=\"font-size: 10pt;\">1) De Zwolle, prendre la route en direction de Meppel (A28)<\/span><br \/>\n<span style=\"font-size: 10pt;\">2) Prendre la sortie 21 en direction de Ommen (N34)<\/span><br \/>\n<span style=\"font-size: 10pt;\">3) Suivre cette route pendant environ 17 km. Aux feux de signalisation, ignorer la sortie pour Ommen (\u00e0 gauche).<\/span><br \/>\n<span style=\"font-size: 10pt;\">4) Au d\u00e9but de l&rsquo;agglom\u00e9ration, apr\u00e8s le panneau &lsquo;Ommen&rsquo;, tourner \u00e0 droite dans le virage \u00e0 gauche et suiver la rivi\u00e8re (de Vecht)<\/span><br \/>\n<span style=\"font-size: 10pt;\">5) Tourner \u00e0 droite sur le Vechtbridge<\/span><br \/>\n<span style=\"font-size: 10pt;\">6) Suivre cette route sur environ 400 m, tourner \u00e0 gauche en direction de Beerze (&lsquo;Schammelte&rsquo;)<\/span><br \/>\n<span style=\"font-size: 10pt;\">7) Tourner \u00e0 droite au bout de cette route (&lsquo;Beerzerweg&rsquo;), suivre cette route (R103) pendant environ 7 km.<\/span><br \/>\n<span style=\"font-size: 10pt;\">Vous verrez le signe &lsquo;Beerze&rsquo;. Le camping De Roos est \u00e0 200 m sur la gauche.<\/span><\/p>\n<p>[\/vc_column_text][\/vc_column_inner][vc_column_inner width=\u00a0\u00bb1\/2&Prime;][vc_column_text css=\u00a0\u00bb.vc_custom_1606139764672{padding-top: 10px !important;padding-right: 10px !important;padding-bottom: 10px !important;padding-left: 10px !important;background-color: #ffffff !important;}\u00a0\u00bb]<\/p>\n<p style=\"text-align: center;\"><strong>B: En venant de Hoogeveen<\/strong><\/p>\n<p style=\"text-align: center;\"><span style=\"font-size: 10pt;\">1) Depuis Hoogeveen, prendre la route pour Ommen (N48)<\/span><br \/>\n<span style=\"font-size: 10pt;\">2) Suivre cette route pendant environ 19 km: prendre la deuxi\u00e8me sortie au rond-point (N36, en direction de Almelo)<\/span><br \/>\n<span style=\"font-size: 10pt;\">3) Suivre cette route sur environ 9 km: prendre la deuxi\u00e8me sortie au rond-point (N36, direction Almelo-Vriezenveen)<\/span><br \/>\n<span style=\"font-size: 10pt;\">4) Suivre cette route pendant environ 5 km, puis tourner \u00e0 droite en direction de Beerze (R103)<\/span><br \/>\n<span style=\"font-size: 10pt;\">5) Suivre cette route (&lsquo;Beerzerweg&rsquo;) sur environ 3,5 km. Vous verrez le signe &lsquo;Beerze&rsquo;.<\/span><br \/>\n<span style=\"font-size: 10pt;\">Le camping De Roos est \u00e0 200 m sur la droite<\/span><\/p>\n<p>&nbsp;<\/p>\n<p>[\/vc_column_text][\/vc_column_inner][\/vc_row_inner][vc_empty_space height=\u00a0\u00bb15px\u00a0\u00bb][vc_row_inner equal_height=\u00a0\u00bbyes\u00a0\u00bb gap=\u00a0\u00bb25&Prime; css=\u00a0\u00bb.vc_custom_1607423566101{margin-left: -0.5px !important;}\u00a0\u00bb][vc_column_inner width=\u00a0\u00bb1\/2&Prime;][vc_column_text css=\u00a0\u00bb.vc_custom_1606139790746{padding-top: 10px !important;padding-right: 10px !important;padding-bottom: 10px !important;padding-left: 10px !important;background-color: #ffffff !important;}\u00a0\u00bb]<\/p>\n<p style=\"text-align: center;\"><strong>C: En venant d&rsquo;Emmen<\/strong><\/p>\n<p style=\"text-align: center;\"><span style=\"font-size: 10pt;\">1) Depuis Emmen, prendre la route en direction de Zwolle (N34)<\/span><br \/>\n<span style=\"font-size: 10pt;\">2) Suivre cette route sur environ 40 km, prendre la troisi\u00e8me sortie au rond-point (N36, direction Almelo-Vriezenveen)<\/span><br \/>\n<span style=\"font-size: 10pt;\">3) Suivre les instructions \u00e0 partir de B 4.<\/span><\/p>\n<p>&nbsp;<\/p>\n<p>[\/vc_column_text][\/vc_column_inner][vc_column_inner width=\u00a0\u00bb1\/2&Prime;][vc_column_text css=\u00a0\u00bb.vc_custom_1606139816154{padding-top: 10px !important;padding-right: 10px !important;padding-bottom: 10px !important;padding-left: 10px !important;background-color: #ffffff !important;}\u00a0\u00bb]<\/p>\n<p style=\"text-align: center;\"><strong>D: En venant d&rsquo;Almelo<\/strong><\/p>\n<p style=\"text-align: center;\"><span style=\"font-size: 10pt;\">1) Depuis Almelo, prendre la route en direction d&rsquo;Ommen (N36)<\/span><br \/>\n<span style=\"font-size: 10pt;\">2) Suivre cette route pendant environ 20 km, \u00e0 Mari\u00ebnberg, tourner \u00e0 gauche en direction de Beerze (R103)<\/span><br \/>\n<span style=\"font-size: 10pt;\">3) Suivre cette route (&lsquo;Beerzerweg&rsquo;) sur environ 3,5 km. Vous verrez le signe &lsquo;Beerze&rsquo;.<\/span><br \/>\n<span style=\"font-size: 10pt;\">Le camping De Roos est \u00e0 200 m sur la droite<\/span><\/p>\n<p>[\/vc_column_text][\/vc_column_inner][\/vc_row_inner][vc_empty_space height=\u00a0\u00bb25px\u00a0\u00bb][vc_text_separator title=\u00a0\u00bbTransport public\u00a0\u00bb color=\u00a0\u00bbwhite\u00a0\u00bb][vc_empty_space height=\u00a0\u00bb15px\u00a0\u00bb][vc_column_text]<\/p>\n<p style=\"text-align: center;\"><span style=\"font-size: 10pt;\">Si vous venez en train, vous pouvez descendre \u00e0 Ommen<\/span><br \/>\n<span style=\"font-size: 10pt;\">La distance entre la gare d&rsquo;Ommen et le camping De Roos est d&rsquo;environ 7 km<\/span><br \/>\n<span style=\"font-size: 10pt;\">Le service de taxi Autax \u00e0 Ommen (t\u00e9l. +31 529 452500) propose des tarifs avantageux pour le transport jusqu&rsquo;au camping.<\/span><\/p>\n<p>[\/vc_column_text]<\/div>\n    <div id=\"map951763\" class=\"map\"><\/div>\n    <script type=\"text\/javascript\">\n        let iconType = L.icon({\n            iconUrl: baseDirectory + '\/img\/pin.png',\n            iconSize: [22, 48],\n            iconAnchor: [11, 46],\n            popupAnchor: [0, -46]\n        });\n        let map = L.map('map951763', {\n            center: L.latLng(52.5108196, 6.5155342),\n            zoom: 10.8,\n            layers: [L.tileLayer('https:\/\/cartodb-basemaps-b.global.ssl.fastly.net\/light_all\/{z}\/{x}\/{y}.png', {\n                attribution: '&copy; <a href=\"https:\/\/www.openstreetmap.org\/copyright\">OpenStreetMap<\/a>'\n            })],\n            zoomSnap: 0.2\n        });\n        setTimeout(map.invalidateSize.bind(map), 100);\n        let contentString = '<div id=\"content\">' +\n            '<div id=\"siteNotice\">' +\n            '<\/div>' +\n            '<h4 id=\"firstHeading\" class=\"firstHeading\">Camping Huttopia De Roos<\/h4>' +\n            '<div id=\"bodyContent\">' +\n            '<p>Beerzerweg 10<\/p>' +\n            '<p>7736 PJ BEERZE-OMMEN - Pays-Bas<\/p>' +\n            '<\/div>' +\n            '<\/div>';\n        let marker = L.marker([52.5108196, 6.5155342], {icon: iconType}).addTo(map);\n        marker.bindPopup(contentString).openPopup();\n        let iwOuter = document.querySelector('.leaflet-popup-content-wrapper');\n        let iwArrow = document.querySelector('.leaflet-popup-tip');\n        iwOuter.style.backgroundColor = '#23AFC2';\n        iwArrow.style.backgroundColor = '#23AFC2';\n    <\/script>\n    [\/vc_column][\/vc_row][vc_row][vc_column]<div class=\"wrappedcontent\">[vc_row_inner css=\u00a0\u00bb.vc_custom_1606124805918{margin-top: -35px !important;margin-bottom: -90px !important;margin-left: -0.5px !important;}\u00a0\u00bb][vc_column_inner][vc_column_text]<\/p>\n<p style=\"text-align: center;\">Surface : 27\u00a0ha<\/p>\n<p>[\/vc_column_text][vc_icon type=\u00a0\u00bbtypicons\u00a0\u00bb icon_typicons=\u00a0\u00bbtypcn typcn-leaf\u00a0\u00bb color=\u00a0\u00bbmulled_wine\u00a0\u00bb size=\u00a0\u00bbxs\u00a0\u00bb align=\u00a0\u00bbcenter\u00a0\u00bb][\/vc_column_inner][\/vc_row_inner]<\/div>[\/vc_column][\/vc_row]<\/p>\n<\/div>","protected":false},"excerpt":{"rendered":"<p>[vc_row][vc_column][\/vc_column][\/vc_row][vc_row css=\u00a0\u00bb.vc_custom_1606123134517{background-color: #e8e8e8 !important;}\u00a0\u00bb][vc_column][\/vc_column][\/vc_row][vc_row][vc_column][\/vc_column][\/vc_row][vc_row equal_height=\u00a0\u00bbyes\u00a0\u00bb css=\u00a0\u00bb.vc_custom_1606125051343{background-color: #e8e8e8 !important;}\u00a0\u00bb][vc_column][\/vc_column][\/vc_row][vc_row][vc_column][\/vc_column][\/vc_row]<\/p>\n","protected":false},"author":4,"featured_media":0,"parent":0,"menu_order":0,"comment_status":"closed","ping_status":"closed","template":"templates\/page-home.php","meta":{"footnotes":""},"class_list":["post-13","page","type-page","status-publish","hentry"],"yoast_head":"<!-- This site is optimized with the Yoast SEO plugin v25.6 - https:\/\/yoast.com\/wordpress\/plugins\/seo\/ -->\n<title>Accueil - Chalets De Roos<\/title>\n<meta name=\"description\" content=\"Le camping Huttopia De Roos vous accueille dans la province de Overijssel, au c\u0153ur d\u2019un cadre naturel exceptionnel. Dormez en chalet au coeur d\u2019un paysage vallonn\u00e9 unique aux Pays-Bas, le long de la rivi\u00e8re Vecht.\" \/>\n<meta name=\"robots\" content=\"index, follow, max-snippet:-1, max-image-preview:large, max-video-preview:-1\" \/>\n<link rel=\"canonical\" href=\"https:\/\/www.chaletsderoos.nl\/fr\/\" \/>\n<meta property=\"og:locale\" content=\"fr_FR\" \/>\n<meta property=\"og:type\" content=\"article\" \/>\n<meta property=\"og:title\" content=\"Accueil - Chalets De Roos\" \/>\n<meta property=\"og:description\" content=\"Le camping Huttopia De Roos vous accueille dans la province de Overijssel, au c\u0153ur d\u2019un cadre naturel exceptionnel. Dormez en chalet au coeur d\u2019un paysage vallonn\u00e9 unique aux Pays-Bas, le long de la rivi\u00e8re Vecht.\" \/>\n<meta property=\"og:url\" content=\"https:\/\/www.chaletsderoos.nl\/fr\/\" \/>\n<meta property=\"og:site_name\" content=\"Chalets De Roos\" \/>\n<meta property=\"article:modified_time\" content=\"2025-12-01T14:49:22+00:00\" \/>\n<meta name=\"twitter:card\" content=\"summary_large_image\" \/>\n<meta name=\"twitter:label1\" content=\"Est. reading time\" \/>\n\t<meta name=\"twitter:data1\" content=\"4 minutes\" \/>\n<script type=\"application\/ld+json\" class=\"yoast-schema-graph\">{\"@context\":\"https:\/\/schema.org\",\"@graph\":[{\"@type\":\"WebPage\",\"@id\":\"https:\/\/www.chaletsderoos.nl\/fr\/\",\"url\":\"https:\/\/www.chaletsderoos.nl\/fr\/\",\"name\":\"Accueil - Chalets De Roos\",\"isPartOf\":{\"@id\":\"https:\/\/www.chaletsderoos.nl\/fr\/#website\"},\"datePublished\":\"2020-11-23T08:49:57+00:00\",\"dateModified\":\"2025-12-01T14:49:22+00:00\",\"description\":\"Le camping Huttopia De Roos vous accueille dans la province de Overijssel, au c\u0153ur d\u2019un cadre naturel exceptionnel. Dormez en chalet au coeur d\u2019un paysage vallonn\u00e9 unique aux Pays-Bas, le long de la rivi\u00e8re Vecht.\",\"breadcrumb\":{\"@id\":\"https:\/\/www.chaletsderoos.nl\/fr\/#breadcrumb\"},\"inLanguage\":\"fr-FR\",\"potentialAction\":[{\"@type\":\"ReadAction\",\"target\":[\"https:\/\/www.chaletsderoos.nl\/fr\/\"]}]},{\"@type\":\"BreadcrumbList\",\"@id\":\"https:\/\/www.chaletsderoos.nl\/fr\/#breadcrumb\",\"itemListElement\":[{\"@type\":\"ListItem\",\"position\":1,\"name\":\"Home\",\"item\":\"https:\/\/www.chaletsderoos.nl\/fr\/\"},{\"@type\":\"ListItem\",\"position\":2,\"name\":\"Accueil\"}]},{\"@type\":\"WebSite\",\"@id\":\"https:\/\/www.chaletsderoos.nl\/fr\/#website\",\"url\":\"https:\/\/www.chaletsderoos.nl\/fr\/\",\"name\":\"Chalets De Roos\",\"description\":\"Un site utilisant Citykamp\",\"potentialAction\":[{\"@type\":\"SearchAction\",\"target\":{\"@type\":\"EntryPoint\",\"urlTemplate\":\"https:\/\/www.chaletsderoos.nl\/fr\/?s={search_term_string}\"},\"query-input\":{\"@type\":\"PropertyValueSpecification\",\"valueRequired\":true,\"valueName\":\"search_term_string\"}}],\"inLanguage\":\"fr-FR\"}]}<\/script>\n<!-- \/ Yoast SEO plugin. -->","yoast_head_json":{"title":"Accueil - Chalets De Roos","description":"Le camping Huttopia De Roos vous accueille dans la province de Overijssel, au c\u0153ur d\u2019un cadre naturel exceptionnel. Dormez en chalet au coeur d\u2019un paysage vallonn\u00e9 unique aux Pays-Bas, le long de la rivi\u00e8re Vecht.","robots":{"index":"index","follow":"follow","max-snippet":"max-snippet:-1","max-image-preview":"max-image-preview:large","max-video-preview":"max-video-preview:-1"},"canonical":"https:\/\/www.chaletsderoos.nl\/fr\/","og_locale":"fr_FR","og_type":"article","og_title":"Accueil - Chalets De Roos","og_description":"Le camping Huttopia De Roos vous accueille dans la province de Overijssel, au c\u0153ur d\u2019un cadre naturel exceptionnel. Dormez en chalet au coeur d\u2019un paysage vallonn\u00e9 unique aux Pays-Bas, le long de la rivi\u00e8re Vecht.","og_url":"https:\/\/www.chaletsderoos.nl\/fr\/","og_site_name":"Chalets De Roos","article_modified_time":"2025-12-01T14:49:22+00:00","twitter_card":"summary_large_image","twitter_misc":{"Est. reading time":"4 minutes"},"schema":{"@context":"https:\/\/schema.org","@graph":[{"@type":"WebPage","@id":"https:\/\/www.chaletsderoos.nl\/fr\/","url":"https:\/\/www.chaletsderoos.nl\/fr\/","name":"Accueil - Chalets De Roos","isPartOf":{"@id":"https:\/\/www.chaletsderoos.nl\/fr\/#website"},"datePublished":"2020-11-23T08:49:57+00:00","dateModified":"2025-12-01T14:49:22+00:00","description":"Le camping Huttopia De Roos vous accueille dans la province de Overijssel, au c\u0153ur d\u2019un cadre naturel exceptionnel. Dormez en chalet au coeur d\u2019un paysage vallonn\u00e9 unique aux Pays-Bas, le long de la rivi\u00e8re Vecht.","breadcrumb":{"@id":"https:\/\/www.chaletsderoos.nl\/fr\/#breadcrumb"},"inLanguage":"fr-FR","potentialAction":[{"@type":"ReadAction","target":["https:\/\/www.chaletsderoos.nl\/fr\/"]}]},{"@type":"BreadcrumbList","@id":"https:\/\/www.chaletsderoos.nl\/fr\/#breadcrumb","itemListElement":[{"@type":"ListItem","position":1,"name":"Home","item":"https:\/\/www.chaletsderoos.nl\/fr\/"},{"@type":"ListItem","position":2,"name":"Accueil"}]},{"@type":"WebSite","@id":"https:\/\/www.chaletsderoos.nl\/fr\/#website","url":"https:\/\/www.chaletsderoos.nl\/fr\/","name":"Chalets De Roos","description":"Un site utilisant Citykamp","potentialAction":[{"@type":"SearchAction","target":{"@type":"EntryPoint","urlTemplate":"https:\/\/www.chaletsderoos.nl\/fr\/?s={search_term_string}"},"query-input":{"@type":"PropertyValueSpecification","valueRequired":true,"valueName":"search_term_string"}}],"inLanguage":"fr-FR"}]}},"_links":{"self":[{"href":"https:\/\/www.chaletsderoos.nl\/fr\/wp-json\/wp\/v2\/pages\/13","targetHints":{"allow":["GET"]}}],"collection":[{"href":"https:\/\/www.chaletsderoos.nl\/fr\/wp-json\/wp\/v2\/pages"}],"about":[{"href":"https:\/\/www.chaletsderoos.nl\/fr\/wp-json\/wp\/v2\/types\/page"}],"author":[{"embeddable":true,"href":"https:\/\/www.chaletsderoos.nl\/fr\/wp-json\/wp\/v2\/users\/4"}],"replies":[{"embeddable":true,"href":"https:\/\/www.chaletsderoos.nl\/fr\/wp-json\/wp\/v2\/comments?post=13"}],"version-history":[{"count":5,"href":"https:\/\/www.chaletsderoos.nl\/fr\/wp-json\/wp\/v2\/pages\/13\/revisions"}],"predecessor-version":[{"id":873,"href":"https:\/\/www.chaletsderoos.nl\/fr\/wp-json\/wp\/v2\/pages\/13\/revisions\/873"}],"wp:attachment":[{"href":"https:\/\/www.chaletsderoos.nl\/fr\/wp-json\/wp\/v2\/media?parent=13"}],"curies":[{"name":"wp","href":"https:\/\/api.w.org\/{rel}","templated":true}]}}