{"id":17,"date":"2020-11-23T09:50:18","date_gmt":"2020-11-23T08:50:18","guid":{"rendered":"http:\/\/www.citykamp.com\/chaletsderoos\/?page_id=17"},"modified":"2023-10-27T12:01:48","modified_gmt":"2023-10-27T10:01:48","slug":"chalets","status":"publish","type":"page","link":"https:\/\/www.chaletsderoos.nl\/fr\/chalets\/","title":{"rendered":"Les Chalets"},"content":{"rendered":"<div class=\"wpb-content-wrapper\"><p>[vc_row][vc_column][vc_single_image image=\u00a0\u00bb86&Prime; img_size=\u00a0\u00bb1900&#215;500&Prime; alignment=\u00a0\u00bbcenter\u00a0\u00bb][\/vc_column][\/vc_row][vc_row][vc_column]<div class=\"wrappedcontent\">[vc_row_inner gap=\u00a0\u00bb25&Prime; css=\u00a0\u00bb.vc_custom_1606125536329{margin-left: -0.5px !important;}\u00a0\u00bb][vc_column_inner width=\u00a0\u00bb2\/3&Prime;][vc_column_text]<\/p>\n<h3>S\u00e9jour confort en chalets tout \u00e9quip\u00e9s<\/h3>\n<p>S\u00e9journez en toute tranquillit\u00e9 dans de belles maisons de vacances \u00e9quip\u00e9es, situ\u00e9es sur le camping Huttopia De Roos. Enti\u00e8rement am\u00e9nag\u00e9s, ces h\u00e9bergements poss\u00e8dent tout le n\u00e9cessaire : chambres avec de bons lits douillets, cuisine, coin s\u00e9jour, salle de bain&#8230; Diff\u00e9rentes tailles de chalets et diff\u00e9rents niveaux de confort sont disponibles pour r\u00e9pondre aux besoins de tous !<\/p>\n<p>&gt; <span style=\"text-decoration: underline;\"><a href=\"https:\/\/media.huttopia.com\/destinations\/de-roos\/inventaire-chalet-de-roos.pdf\" target=\"_blank\" rel=\"noopener noreferrer\">Voir l&rsquo;inventaire des chalets<\/a><\/span>[\/vc_column_text][\/vc_column_inner][vc_column_inner width=\u00a0\u00bb1\/3&Prime; css=\u00a0\u00bb.vc_custom_1698400788857{padding-top: 15px !important;padding-right: 15px !important;padding-bottom: 15px !important;padding-left: 15px !important;background-color: #23afc2 !important;}\u00a0\u00bb][vc_column_text css=\u00a0\u00bb.vc_custom_1698400781348{padding-top: 15px !important;padding-right: 15px !important;padding-bottom: 15px !important;padding-left: 15px !important;}\u00a0\u00bb]<\/p>\n<p style=\"text-align: center;\"><span style=\"color: #ffffff;\"><strong><span style=\"font-size: 14pt;\"><strong>De nombreux services en option :<\/strong><br \/>\nDraps et serviettes en location<br \/>\nM\u00e9nage de fin de s\u00e9jour en option<br \/>\nChauffage et gaz en suppl\u00e9ment<\/span><\/strong><\/span><\/p>\n<p>[\/vc_column_text][\/vc_column_inner][\/vc_row_inner]<\/div>[\/vc_column][\/vc_row][vc_row css=\u00a0\u00bb.vc_custom_1606125701731{background-color: #e8e8e8 !important;}\u00a0\u00bb][vc_column]<div class=\"wrappedcontent\">[vc_column_text css=\u00a0\u00bb.vc_custom_1606125952871{padding-top: 15px !important;padding-right: 15px !important;padding-bottom: 15px !important;padding-left: 15px !important;background-color: #ffffff !important;}\u00a0\u00bb]<\/p>\n<p style=\"text-align: center;\"><span style=\"font-size: 16pt;\"><strong>Doornroosje (cat A)<br \/>\n<\/strong><\/span><span style=\"font-size: 14pt;\">42 m\u00b2 \u2013 4 pers.<\/span><\/p>\n<p>[\/vc_column_text][vc_empty_space height=\u00a0\u00bb35px\u00a0\u00bb css=\u00a0\u00bb.vc_custom_1606125972064{background-color: #ffffff !important;}\u00a0\u00bb][vc_masonry_media_grid element_width=\u00a0\u00bb3&Prime; gap=\u00a0\u00bb10&Prime; grid_id=\u00a0\u00bbvc_gid:1698400504921-482b63e8-aaf4-7&Prime; include=\u00a0\u00bb98,102,90,94&Prime; css=\u00a0\u00bb.vc_custom_1606128773039{background-color: #ffffff !important;}\u00a0\u00bb][vc_empty_space height=\u00a0\u00bb20px\u00a0\u00bb css=\u00a0\u00bb.vc_custom_1606129030954{background-color: #ffffff !important;}\u00a0\u00bb][vc_row_inner css=\u00a0\u00bb.vc_custom_1606128847420{background-color: #ffffff !important;}\u00a0\u00bb][vc_column_inner width=\u00a0\u00bb1\/2&Prime;][vc_column_text css=\u00a0\u00bb.vc_custom_1606128969136{padding-bottom: 25px !important;padding-left: 25px !important;}\u00a0\u00bb]<strong>Une v\u00e9ritable petite maisonnette en bois pour 4 personnes !<\/strong><\/p>\n<p>2 chambres (une avec grand lit et l\u2019autre avec deux lits simples), une vraie cuisine ouverte sur le s\u00e9jour avec chemin\u00e9e, une salle de bain, et un vrai espace jardin.[\/vc_column_text][\/vc_column_inner][vc_column_inner width=\u00a0\u00bb1\/2&Prime;][vc_empty_space height=\u00a0\u00bb12px\u00a0\u00bb css=\u00a0\u00bb.vc_custom_1606128820170{background-color: #ffffff !important;}\u00a0\u00bb][vc_icon icon_fontawesome=\u00a0\u00bbfas fa-home\u00a0\u00bb color=\u00a0\u00bbmulled_wine\u00a0\u00bb size=\u00a0\u00bbsm\u00a0\u00bb align=\u00a0\u00bbcenter\u00a0\u00bb css=\u00a0\u00bb.vc_custom_1606128980912{margin-top: -10px !important;margin-bottom: -10px !important;}\u00a0\u00bb][vc_column_text]<\/p>\n<p style=\"text-align: center;\"><span style=\"text-decoration: underline;\"><strong><a href=\"https:\/\/media.huttopia.com\/hebergements\/121-doornroosje\/plan-doornroosje.jpg\" target=\"_blank\" rel=\"noopener noreferrer\">Voir le plan<\/a><\/strong><\/span><\/p>\n<p>[\/vc_column_text][\/vc_column_inner][\/vc_row_inner]<\/div>[\/vc_column][\/vc_row][vc_row css=\u00a0\u00bb.vc_custom_1606125701731{background-color: #e8e8e8 !important;}\u00a0\u00bb][vc_column]<div class=\"wrappedcontent\">[vc_column_text css=\u00a0\u00bb.vc_custom_1606129101155{padding-top: 15px !important;padding-right: 15px !important;padding-bottom: 15px !important;padding-left: 15px !important;background-color: #ffffff !important;}\u00a0\u00bb]<\/p>\n<p style=\"text-align: center;\"><span style=\"font-size: 16pt;\"><strong>Heideroosje (cat A)<br \/>\n<\/strong><\/span><span style=\"font-size: 14pt;\">42 m\u00b2 \u2013 4 pers.<\/span><\/p>\n<p>[\/vc_column_text][vc_empty_space height=\u00a0\u00bb35px\u00a0\u00bb css=\u00a0\u00bb.vc_custom_1606125972064{background-color: #ffffff !important;}\u00a0\u00bb][vc_masonry_media_grid element_width=\u00a0\u00bb3&Prime; gap=\u00a0\u00bb10&Prime; grid_id=\u00a0\u00bbvc_gid:1698400504927-6fca4f09-3cf3-4&Prime; include=\u00a0\u00bb111,123,115,119&Prime; css=\u00a0\u00bb.vc_custom_1606129141805{background-color: #ffffff !important;}\u00a0\u00bb][vc_empty_space height=\u00a0\u00bb20px\u00a0\u00bb css=\u00a0\u00bb.vc_custom_1606129030954{background-color: #ffffff !important;}\u00a0\u00bb][vc_row_inner css=\u00a0\u00bb.vc_custom_1606128847420{background-color: #ffffff !important;}\u00a0\u00bb][vc_column_inner width=\u00a0\u00bb1\/2&Prime;][vc_column_text css=\u00a0\u00bb.vc_custom_1606129113308{padding-bottom: 25px !important;padding-left: 25px !important;}\u00a0\u00bb]<strong>Un joli chalet en bois, comme \u00e0 la maison !<\/strong><\/p>\n<p>2 grandes chambres (une avec grand lit, l\u2019autre avec lits superpos\u00e9s), une cuisine ouverte, un beau s\u00e9jour confortable et lumineux, et un bel espace jardin avec terrasse.[\/vc_column_text][\/vc_column_inner][vc_column_inner width=\u00a0\u00bb1\/2&Prime;][vc_empty_space height=\u00a0\u00bb12px\u00a0\u00bb css=\u00a0\u00bb.vc_custom_1606128820170{background-color: #ffffff !important;}\u00a0\u00bb][vc_icon icon_fontawesome=\u00a0\u00bbfas fa-home\u00a0\u00bb color=\u00a0\u00bbmulled_wine\u00a0\u00bb size=\u00a0\u00bbsm\u00a0\u00bb align=\u00a0\u00bbcenter\u00a0\u00bb css=\u00a0\u00bb.vc_custom_1606128980912{margin-top: -10px !important;margin-bottom: -10px !important;}\u00a0\u00bb][vc_column_text]<\/p>\n<p style=\"text-align: center;\"><span style=\"text-decoration: underline;\"><strong><a href=\"https:\/\/media.huttopia.com\/hebergements\/122-heiderroosje\/plan-heideroosje.jpg\" target=\"_blank\" rel=\"noopener noreferrer\">Voir le plan<\/a><\/strong><\/span><\/p>\n<p>[\/vc_column_text][\/vc_column_inner][\/vc_row_inner]<\/div>[\/vc_column][\/vc_row][vc_row css=\u00a0\u00bb.vc_custom_1606125701731{background-color: #e8e8e8 !important;}\u00a0\u00bb][vc_column]<div class=\"wrappedcontent\">[vc_column_text css=\u00a0\u00bb.vc_custom_1606129172724{padding-top: 15px !important;padding-right: 15px !important;padding-bottom: 15px !important;padding-left: 15px !important;background-color: #ffffff !important;}\u00a0\u00bb]<\/p>\n<p style=\"text-align: center;\"><span style=\"font-size: 16pt;\"><strong>Klimroos (cat B)<br \/>\n<\/strong><\/span><span style=\"font-size: 14pt;\">50 m\u00b2 \u2013 6 pers.<\/span><\/p>\n<p>[\/vc_column_text][vc_empty_space height=\u00a0\u00bb35px\u00a0\u00bb css=\u00a0\u00bb.vc_custom_1606125972064{background-color: #ffffff !important;}\u00a0\u00bb][vc_masonry_media_grid element_width=\u00a0\u00bb3&Prime; gap=\u00a0\u00bb10&Prime; grid_id=\u00a0\u00bbvc_gid:1698400504932-f69725c4-6c05-6&Prime; include=\u00a0\u00bb127,131,135,139&Prime; css=\u00a0\u00bb.vc_custom_1606129231711{background-color: #ffffff !important;}\u00a0\u00bb][vc_empty_space height=\u00a0\u00bb20px\u00a0\u00bb css=\u00a0\u00bb.vc_custom_1606129030954{background-color: #ffffff !important;}\u00a0\u00bb][vc_row_inner css=\u00a0\u00bb.vc_custom_1606128847420{background-color: #ffffff !important;}\u00a0\u00bb][vc_column_inner width=\u00a0\u00bb1\/2&Prime;][vc_column_text css=\u00a0\u00bb.vc_custom_1606129190233{padding-bottom: 25px !important;padding-left: 25px !important;}\u00a0\u00bb]<strong>Une atmosph\u00e8re id\u00e9ale pour la d\u00e9connexion !<\/strong><\/p>\n<p>Un grand chalet pour 6 personnes, 3 chambres s\u00e9par\u00e9es, une cuisine \u00e9quip\u00e9e ouverte sur un joli s\u00e9jour avec chemin\u00e9e. Profitez de sa belle terrasse et de son grand jardin id\u00e9al pour les enfants.[\/vc_column_text][\/vc_column_inner][vc_column_inner width=\u00a0\u00bb1\/2&Prime;][vc_empty_space height=\u00a0\u00bb12px\u00a0\u00bb css=\u00a0\u00bb.vc_custom_1606128820170{background-color: #ffffff !important;}\u00a0\u00bb][vc_icon icon_fontawesome=\u00a0\u00bbfas fa-home\u00a0\u00bb color=\u00a0\u00bbmulled_wine\u00a0\u00bb size=\u00a0\u00bbsm\u00a0\u00bb align=\u00a0\u00bbcenter\u00a0\u00bb css=\u00a0\u00bb.vc_custom_1606128980912{margin-top: -10px !important;margin-bottom: -10px !important;}\u00a0\u00bb][vc_column_text]<\/p>\n<p style=\"text-align: center;\"><span style=\"text-decoration: underline;\"><strong><a href=\"https:\/\/media.huttopia.com\/hebergements\/125-klimroos\/plan-klimroos.jpg\" target=\"_blank\" rel=\"noopener noreferrer\">Voir le plan<\/a><\/strong><\/span><\/p>\n<p>[\/vc_column_text][\/vc_column_inner][\/vc_row_inner]<\/div>[\/vc_column][\/vc_row][vc_row css=\u00a0\u00bb.vc_custom_1606125701731{background-color: #e8e8e8 !important;}\u00a0\u00bb][vc_column]<div class=\"wrappedcontent\">[vc_column_text css=\u00a0\u00bb.vc_custom_1606130352529{padding-top: 15px !important;padding-right: 15px !important;padding-bottom: 15px !important;padding-left: 15px !important;background-color: #ffffff !important;}\u00a0\u00bb]<\/p>\n<p style=\"text-align: center;\"><span style=\"font-size: 16pt;\"><strong>Egelantier (cat C)<br \/>\n<\/strong><\/span><span style=\"font-size: 14pt;\">98 m\u00b2 \u2013 6 pers.<\/span><\/p>\n<p>[\/vc_column_text][vc_empty_space height=\u00a0\u00bb35px\u00a0\u00bb css=\u00a0\u00bb.vc_custom_1606125972064{background-color: #ffffff !important;}\u00a0\u00bb][vc_masonry_media_grid element_width=\u00a0\u00bb3&Prime; gap=\u00a0\u00bb10&Prime; grid_id=\u00a0\u00bbvc_gid:1698400504936-987a461e-de27-8&Prime; include=\u00a0\u00bb144,156,152,148&Prime; css=\u00a0\u00bb.vc_custom_1606130379431{background-color: #ffffff !important;}\u00a0\u00bb][vc_empty_space height=\u00a0\u00bb20px\u00a0\u00bb css=\u00a0\u00bb.vc_custom_1606129030954{background-color: #ffffff !important;}\u00a0\u00bb][vc_row_inner css=\u00a0\u00bb.vc_custom_1606128847420{background-color: #ffffff !important;}\u00a0\u00bb][vc_column_inner width=\u00a0\u00bb1\/2&Prime;][vc_column_text css=\u00a0\u00bb.vc_custom_1606130390410{padding-bottom: 25px !important;padding-left: 25px !important;}\u00a0\u00bb]<strong>Un tr\u00e8s grand chalet tout en bois, \u00e0 l\u2019esprit chaleureux\u2026<\/strong><\/p>\n<p>Rez-de-chauss\u00e9e avec une grande chambre, un beau salon am\u00e9nag\u00e9, une cuisine s\u00e9par\u00e9e (avec lave-vaisselle), et une salle de bain. Les deux autres chambres se trouvent \u00e0 l\u2019\u00e9tage. Le plus de cet h\u00e9bergement ? Sa grande taille et sa v\u00e9randa couverte de 35 m\u00b2 ![\/vc_column_text][\/vc_column_inner][vc_column_inner width=\u00a0\u00bb1\/2&Prime;][vc_empty_space height=\u00a0\u00bb12px\u00a0\u00bb css=\u00a0\u00bb.vc_custom_1606128820170{background-color: #ffffff !important;}\u00a0\u00bb][vc_icon icon_fontawesome=\u00a0\u00bbfas fa-home\u00a0\u00bb color=\u00a0\u00bbmulled_wine\u00a0\u00bb size=\u00a0\u00bbsm\u00a0\u00bb align=\u00a0\u00bbcenter\u00a0\u00bb css=\u00a0\u00bb.vc_custom_1606128980912{margin-top: -10px !important;margin-bottom: -10px !important;}\u00a0\u00bb][vc_column_text]<\/p>\n<p style=\"text-align: center;\"><span style=\"text-decoration: underline;\"><strong><a href=\"https:\/\/media.huttopia.com\/hebergements\/126-egelantier\/plan-egelantier.jpg\" target=\"_blank\" rel=\"noopener noreferrer\">Voir le plan<\/a><\/strong><\/span><\/p>\n<p>[\/vc_column_text][\/vc_column_inner][\/vc_row_inner]<\/div>[\/vc_column][\/vc_row][vc_row css=\u00a0\u00bb.vc_custom_1606125701731{background-color: #e8e8e8 !important;}\u00a0\u00bb][vc_column]<div class=\"wrappedcontent\">[vc_column_text css=\u00a0\u00bb.vc_custom_1606130413414{padding-top: 15px !important;padding-right: 15px !important;padding-bottom: 15px !important;padding-left: 15px !important;background-color: #ffffff !important;}\u00a0\u00bb]<\/p>\n<p style=\"text-align: center;\"><span style=\"font-size: 16pt;\"><strong>Stamroos (cat B)<br \/>\n<\/strong><\/span><span style=\"font-size: 14pt;\">48 m\u00b2 \u2013 5 pers.<\/span><\/p>\n<p>[\/vc_column_text][vc_empty_space height=\u00a0\u00bb35px\u00a0\u00bb css=\u00a0\u00bb.vc_custom_1606125972064{background-color: #ffffff !important;}\u00a0\u00bb][vc_masonry_media_grid element_width=\u00a0\u00bb3&Prime; gap=\u00a0\u00bb10&Prime; grid_id=\u00a0\u00bbvc_gid:1698400504940-c58cc4c9-5771-3&Prime; include=\u00a0\u00bb160,172,164,168&Prime; css=\u00a0\u00bb.vc_custom_1606130460653{background-color: #ffffff !important;}\u00a0\u00bb][vc_empty_space height=\u00a0\u00bb20px\u00a0\u00bb css=\u00a0\u00bb.vc_custom_1606129030954{background-color: #ffffff !important;}\u00a0\u00bb][vc_row_inner css=\u00a0\u00bb.vc_custom_1606128847420{background-color: #ffffff !important;}\u00a0\u00bb][vc_column_inner width=\u00a0\u00bb1\/2&Prime;][vc_column_text css=\u00a0\u00bb.vc_custom_1606230291464{padding-bottom: 25px !important;padding-left: 25px !important;}\u00a0\u00bb]<strong>Un chalet en bois id\u00e9al pour les familles.<\/strong><\/p>\n<p>Lumineux et moderne, il accueille jusqu\u2019\u00e0 5 personnes : 3 chambres s\u00e9par\u00e9es pour plus de confort, une cuisine \u00e9quip\u00e9e, un s\u00e9jour avec chemin\u00e9e et un bel espace jardin o\u00f9 les enfants pourront jouer dans l\u2019herbe.[\/vc_column_text][\/vc_column_inner][vc_column_inner width=\u00a0\u00bb1\/2&Prime;][vc_empty_space height=\u00a0\u00bb12px\u00a0\u00bb css=\u00a0\u00bb.vc_custom_1606128820170{background-color: #ffffff !important;}\u00a0\u00bb][vc_icon icon_fontawesome=\u00a0\u00bbfas fa-home\u00a0\u00bb color=\u00a0\u00bbmulled_wine\u00a0\u00bb size=\u00a0\u00bbsm\u00a0\u00bb align=\u00a0\u00bbcenter\u00a0\u00bb css=\u00a0\u00bb.vc_custom_1606128980912{margin-top: -10px !important;margin-bottom: -10px !important;}\u00a0\u00bb][vc_column_text]<\/p>\n<p style=\"text-align: center;\"><span style=\"text-decoration: underline;\"><strong><a href=\"https:\/\/media.huttopia.com\/hebergements\/123-stamroos\/plan-stamroos.jpg\" target=\"_blank\" rel=\"noopener noreferrer\">Voir le plan<\/a><\/strong><\/span><\/p>\n<p>[\/vc_column_text][\/vc_column_inner][\/vc_row_inner]<\/div>[\/vc_column][\/vc_row][vc_row css=\u00a0\u00bb.vc_custom_1606125701731{background-color: #e8e8e8 !important;}\u00a0\u00bb][vc_column]<div class=\"wrappedcontent\">[vc_column_text css=\u00a0\u00bb.vc_custom_1606130482043{padding-top: 15px !important;padding-right: 15px !important;padding-bottom: 15px !important;padding-left: 15px !important;background-color: #ffffff !important;}\u00a0\u00bb]<\/p>\n<p style=\"text-align: center;\"><span style=\"font-size: 16pt;\"><strong>Bergroos (cat B)<br \/>\n<\/strong><\/span><span style=\"font-size: 14pt;\">60 m\u00b2 \u2013 5 pers.<\/span><\/p>\n<p>[\/vc_column_text][vc_empty_space height=\u00a0\u00bb35px\u00a0\u00bb css=\u00a0\u00bb.vc_custom_1606125972064{background-color: #ffffff !important;}\u00a0\u00bb][vc_masonry_media_grid element_width=\u00a0\u00bb3&Prime; gap=\u00a0\u00bb10&Prime; grid_id=\u00a0\u00bbvc_gid:1698400504945-9a4feddb-e9c4-8&Prime; include=\u00a0\u00bb176,188,180,225&Prime; css=\u00a0\u00bb.vc_custom_1606130982273{background-color: #ffffff !important;}\u00a0\u00bb][vc_empty_space height=\u00a0\u00bb20px\u00a0\u00bb css=\u00a0\u00bb.vc_custom_1606129030954{background-color: #ffffff !important;}\u00a0\u00bb][vc_row_inner css=\u00a0\u00bb.vc_custom_1606128847420{background-color: #ffffff !important;}\u00a0\u00bb][vc_column_inner width=\u00a0\u00bb1\/2&Prime;][vc_column_text css=\u00a0\u00bb.vc_custom_1606130531417{padding-bottom: 25px !important;padding-left: 25px !important;}\u00a0\u00bb]<strong>Un joli chalet rose id\u00e9al pour accueillir les grandes familles.<\/strong><\/p>\n<p>3 chambres s\u00e9par\u00e9es, une salle de bain et une cuisine \u00e9quip\u00e9e ouverte sur un grand s\u00e9jour. Profitez du grand jardin ouvert sur la nature et du beau terrain arbor\u00e9 autour du chalet[\/vc_column_text][\/vc_column_inner][vc_column_inner width=\u00a0\u00bb1\/2&Prime;][vc_empty_space height=\u00a0\u00bb12px\u00a0\u00bb css=\u00a0\u00bb.vc_custom_1606128820170{background-color: #ffffff !important;}\u00a0\u00bb][vc_icon icon_fontawesome=\u00a0\u00bbfas fa-home\u00a0\u00bb color=\u00a0\u00bbmulled_wine\u00a0\u00bb size=\u00a0\u00bbsm\u00a0\u00bb align=\u00a0\u00bbcenter\u00a0\u00bb css=\u00a0\u00bb.vc_custom_1606128980912{margin-top: -10px !important;margin-bottom: -10px !important;}\u00a0\u00bb][vc_column_text]<\/p>\n<p style=\"text-align: center;\"><span style=\"text-decoration: underline;\"><strong><a href=\"https:\/\/media.huttopia.com\/hebergements\/124-bergroos\/plan-bergroos.jpg\" target=\"_blank\" rel=\"noopener noreferrer\">Voir le plan<\/a><\/strong><\/span><\/p>\n<p>[\/vc_column_text][\/vc_column_inner][\/vc_row_inner][vc_empty_space height=\u00a0\u00bb35px\u00a0\u00bb css=\u00a0\u00bb.vc_custom_1606138855124{background-color: #ffffff !important;}\u00a0\u00bb]<div class=\"text-center btnwrap\"><a class=\"btn btn-huttopia-cta\" href=\"https:\/\/checkout.campings-nature.com\/site\/fr\/932\" role=\"button\" target=\"\" onclick=\"dataLayer.push({'event':'clickCity', 'clickText':'R\u00e9servez votre s\u00e9jour'})\">R\u00e9servez votre s\u00e9jour<\/a><\/div><\/div>[\/vc_column][\/vc_row]<\/p>\n<\/div>","protected":false},"excerpt":{"rendered":"<p>[vc_row][vc_column][vc_single_image image=\u00a0\u00bb86&Prime; img_size=\u00a0\u00bb1900&#215;500&Prime; alignment=\u00a0\u00bbcenter\u00a0\u00bb][\/vc_column][\/vc_row][vc_row][vc_column][\/vc_column][\/vc_row][vc_row css=\u00a0\u00bb.vc_custom_1606125701731{background-color: #e8e8e8 !important;}\u00a0\u00bb][vc_column][\/vc_column][\/vc_row][vc_row css=\u00a0\u00bb.vc_custom_1606125701731{background-color: #e8e8e8 !important;}\u00a0\u00bb][vc_column][\/vc_column][\/vc_row][vc_row css=\u00a0\u00bb.vc_custom_1606125701731{background-color: #e8e8e8 !important;}\u00a0\u00bb][vc_column][\/vc_column][\/vc_row][vc_row css=\u00a0\u00bb.vc_custom_1606125701731{background-color: #e8e8e8 !important;}\u00a0\u00bb][vc_column][\/vc_column][\/vc_row][vc_row css=\u00a0\u00bb.vc_custom_1606125701731{background-color: #e8e8e8 !important;}\u00a0\u00bb][vc_column][\/vc_column][\/vc_row][vc_row css=\u00a0\u00bb.vc_custom_1606125701731{background-color: #e8e8e8 !important;}\u00a0\u00bb][vc_column][\/vc_column][\/vc_row]<\/p>\n","protected":false},"author":4,"featured_media":0,"parent":0,"menu_order":0,"comment_status":"closed","ping_status":"closed","template":"","meta":{"footnotes":""},"class_list":["post-17","page","type-page","status-publish","hentry"],"yoast_head":"<!-- This site is optimized with the Yoast SEO plugin v25.6 - https:\/\/yoast.com\/wordpress\/plugins\/seo\/ -->\n<title>Les Chalets - Chalets De Roos<\/title>\n<meta name=\"description\" content=\"D\u00e9couvrez les chalets en bois du Camping Huttopia De Roos pour des s\u00e9jours tout confort au coeur de la nature dans l&#039;Overijsell.\" \/>\n<meta name=\"robots\" content=\"index, follow, max-snippet:-1, max-image-preview:large, max-video-preview:-1\" \/>\n<link rel=\"canonical\" href=\"https:\/\/www.chaletsderoos.nl\/fr\/chalets\/\" \/>\n<meta property=\"og:locale\" content=\"fr_FR\" \/>\n<meta property=\"og:type\" content=\"article\" \/>\n<meta property=\"og:title\" content=\"Les Chalets - Chalets De Roos\" \/>\n<meta property=\"og:description\" content=\"D\u00e9couvrez les chalets en bois du Camping Huttopia De Roos pour des s\u00e9jours tout confort au coeur de la nature dans l&#039;Overijsell.\" \/>\n<meta property=\"og:url\" content=\"https:\/\/www.chaletsderoos.nl\/fr\/chalets\/\" \/>\n<meta property=\"og:site_name\" content=\"Chalets De Roos\" \/>\n<meta property=\"article:modified_time\" content=\"2023-10-27T10:01:48+00:00\" \/>\n<meta name=\"twitter:card\" content=\"summary_large_image\" \/>\n<meta name=\"twitter:label1\" content=\"Est. reading time\" \/>\n\t<meta name=\"twitter:data1\" content=\"4 minutes\" \/>\n<script type=\"application\/ld+json\" class=\"yoast-schema-graph\">{\"@context\":\"https:\/\/schema.org\",\"@graph\":[{\"@type\":\"WebPage\",\"@id\":\"https:\/\/www.chaletsderoos.nl\/fr\/chalets\/\",\"url\":\"https:\/\/www.chaletsderoos.nl\/fr\/chalets\/\",\"name\":\"Les Chalets - Chalets De Roos\",\"isPartOf\":{\"@id\":\"https:\/\/www.chaletsderoos.nl\/fr\/#website\"},\"datePublished\":\"2020-11-23T08:50:18+00:00\",\"dateModified\":\"2023-10-27T10:01:48+00:00\",\"description\":\"D\u00e9couvrez les chalets en bois du Camping Huttopia De Roos pour des s\u00e9jours tout confort au coeur de la nature dans l'Overijsell.\",\"breadcrumb\":{\"@id\":\"https:\/\/www.chaletsderoos.nl\/fr\/chalets\/#breadcrumb\"},\"inLanguage\":\"fr-FR\",\"potentialAction\":[{\"@type\":\"ReadAction\",\"target\":[\"https:\/\/www.chaletsderoos.nl\/fr\/chalets\/\"]}]},{\"@type\":\"BreadcrumbList\",\"@id\":\"https:\/\/www.chaletsderoos.nl\/fr\/chalets\/#breadcrumb\",\"itemListElement\":[{\"@type\":\"ListItem\",\"position\":1,\"name\":\"Home\",\"item\":\"https:\/\/www.chaletsderoos.nl\/fr\/\"},{\"@type\":\"ListItem\",\"position\":2,\"name\":\"Les Chalets\"}]},{\"@type\":\"WebSite\",\"@id\":\"https:\/\/www.chaletsderoos.nl\/fr\/#website\",\"url\":\"https:\/\/www.chaletsderoos.nl\/fr\/\",\"name\":\"Chalets De Roos\",\"description\":\"Un site utilisant Citykamp\",\"potentialAction\":[{\"@type\":\"SearchAction\",\"target\":{\"@type\":\"EntryPoint\",\"urlTemplate\":\"https:\/\/www.chaletsderoos.nl\/fr\/?s={search_term_string}\"},\"query-input\":{\"@type\":\"PropertyValueSpecification\",\"valueRequired\":true,\"valueName\":\"search_term_string\"}}],\"inLanguage\":\"fr-FR\"}]}<\/script>\n<!-- \/ Yoast SEO plugin. -->","yoast_head_json":{"title":"Les Chalets - Chalets De Roos","description":"D\u00e9couvrez les chalets en bois du Camping Huttopia De Roos pour des s\u00e9jours tout confort au coeur de la nature dans l'Overijsell.","robots":{"index":"index","follow":"follow","max-snippet":"max-snippet:-1","max-image-preview":"max-image-preview:large","max-video-preview":"max-video-preview:-1"},"canonical":"https:\/\/www.chaletsderoos.nl\/fr\/chalets\/","og_locale":"fr_FR","og_type":"article","og_title":"Les Chalets - Chalets De Roos","og_description":"D\u00e9couvrez les chalets en bois du Camping Huttopia De Roos pour des s\u00e9jours tout confort au coeur de la nature dans l'Overijsell.","og_url":"https:\/\/www.chaletsderoos.nl\/fr\/chalets\/","og_site_name":"Chalets De Roos","article_modified_time":"2023-10-27T10:01:48+00:00","twitter_card":"summary_large_image","twitter_misc":{"Est. reading time":"4 minutes"},"schema":{"@context":"https:\/\/schema.org","@graph":[{"@type":"WebPage","@id":"https:\/\/www.chaletsderoos.nl\/fr\/chalets\/","url":"https:\/\/www.chaletsderoos.nl\/fr\/chalets\/","name":"Les Chalets - Chalets De Roos","isPartOf":{"@id":"https:\/\/www.chaletsderoos.nl\/fr\/#website"},"datePublished":"2020-11-23T08:50:18+00:00","dateModified":"2023-10-27T10:01:48+00:00","description":"D\u00e9couvrez les chalets en bois du Camping Huttopia De Roos pour des s\u00e9jours tout confort au coeur de la nature dans l'Overijsell.","breadcrumb":{"@id":"https:\/\/www.chaletsderoos.nl\/fr\/chalets\/#breadcrumb"},"inLanguage":"fr-FR","potentialAction":[{"@type":"ReadAction","target":["https:\/\/www.chaletsderoos.nl\/fr\/chalets\/"]}]},{"@type":"BreadcrumbList","@id":"https:\/\/www.chaletsderoos.nl\/fr\/chalets\/#breadcrumb","itemListElement":[{"@type":"ListItem","position":1,"name":"Home","item":"https:\/\/www.chaletsderoos.nl\/fr\/"},{"@type":"ListItem","position":2,"name":"Les Chalets"}]},{"@type":"WebSite","@id":"https:\/\/www.chaletsderoos.nl\/fr\/#website","url":"https:\/\/www.chaletsderoos.nl\/fr\/","name":"Chalets De Roos","description":"Un site utilisant Citykamp","potentialAction":[{"@type":"SearchAction","target":{"@type":"EntryPoint","urlTemplate":"https:\/\/www.chaletsderoos.nl\/fr\/?s={search_term_string}"},"query-input":{"@type":"PropertyValueSpecification","valueRequired":true,"valueName":"search_term_string"}}],"inLanguage":"fr-FR"}]}},"_links":{"self":[{"href":"https:\/\/www.chaletsderoos.nl\/fr\/wp-json\/wp\/v2\/pages\/17","targetHints":{"allow":["GET"]}}],"collection":[{"href":"https:\/\/www.chaletsderoos.nl\/fr\/wp-json\/wp\/v2\/pages"}],"about":[{"href":"https:\/\/www.chaletsderoos.nl\/fr\/wp-json\/wp\/v2\/types\/page"}],"author":[{"embeddable":true,"href":"https:\/\/www.chaletsderoos.nl\/fr\/wp-json\/wp\/v2\/users\/4"}],"replies":[{"embeddable":true,"href":"https:\/\/www.chaletsderoos.nl\/fr\/wp-json\/wp\/v2\/comments?post=17"}],"version-history":[{"count":4,"href":"https:\/\/www.chaletsderoos.nl\/fr\/wp-json\/wp\/v2\/pages\/17\/revisions"}],"predecessor-version":[{"id":837,"href":"https:\/\/www.chaletsderoos.nl\/fr\/wp-json\/wp\/v2\/pages\/17\/revisions\/837"}],"wp:attachment":[{"href":"https:\/\/www.chaletsderoos.nl\/fr\/wp-json\/wp\/v2\/media?parent=17"}],"curies":[{"name":"wp","href":"https:\/\/api.w.org\/{rel}","templated":true}]}}