{"id":22,"date":"2020-11-23T09:50:52","date_gmt":"2020-11-23T08:50:52","guid":{"rendered":"http:\/\/www.citykamp.com\/chaletsderoos\/?page_id=22"},"modified":"2021-11-04T12:10:26","modified_gmt":"2021-11-04T11:10:26","slug":"region","status":"publish","type":"page","link":"https:\/\/www.chaletsderoos.nl\/fr\/region\/","title":{"rendered":"R\u00e9gion"},"content":{"rendered":"<div class=\"wpb-content-wrapper\"><p>[vc_row][vc_column][vc_single_image image=\u00a0\u00bb265&Prime; img_size=\u00a0\u00bb1900&#215;500&Prime; alignment=\u00a0\u00bbcenter\u00a0\u00bb][\/vc_column][\/vc_row][vc_row][vc_column]<div class=\"wrappedcontent\">[vc_column_text]<\/p>\n<h4>Ommen et sa r\u00e9gion<\/h4>\n<p>[\/vc_column_text][vc_empty_space height=\u00a0\u00bb20px\u00a0\u00bb][vc_column_text]Les Chalets De Roos sont situ\u00e9s au centre de la r\u00e9gion de Vechtdal, dans la province de Overijssel. Partez \u00e0 la d\u00e9couverte de l&rsquo;une des plus belles r\u00e9gions des Pays-Bas. Villages typiques et zones naturelles sublimes s&rsquo;enchainent le long de la rivi\u00e8re Vecht.[\/vc_column_text][vc_empty_space height=\u00a0\u00bb20px\u00a0\u00bb][vc_row_inner gap=\u00a0\u00bb30&Prime; css=\u00a0\u00bb.vc_custom_1606136644656{margin-left: -0.5px !important;}\u00a0\u00bb][vc_column_inner width=\u00a0\u00bb1\/3&Prime;][vc_masonry_media_grid element_width=\u00a0\u00bb12&Prime; gap=\u00a0\u00bb0&Prime; grid_id=\u00a0\u00bbvc_gid:1636024218685-f74c3c95-ebd7-2&Prime; include=\u00a0\u00bb269&Prime;][\/vc_column_inner][vc_column_inner width=\u00a0\u00bb2\/3&Prime;][vc_column_text]<span style=\"color: #23afc2;\"><strong>Ommen :<\/strong><\/span> est une ville aux paysages naturels uniques. Fl\u00e2nez le long de la zone pi\u00e9tonne, et partez \u00e0 la d\u00e9couverte des nombreux commerces et restaurants. Vous y trouverez \u00e9galement de nombreuses activit\u00e9s nautiques tout au long de l&rsquo;\u00e9t\u00e9. \u00c0 tester : les jolies balades en bateaux pour d\u00e9couvrir la r\u00e9gion.<\/p>\n<p><span style=\"color: #23afc2;\"><strong>Beerze :<\/strong><\/span> avec ses maisons basses aux toits de chaume (aussi appel\u00e9es fermes saxonnes), ce village est typique de l&rsquo;architecture rurale de la r\u00e9gion de Salland.<\/p>\n<p><span style=\"color: #23afc2;\"><strong>Giethoorn (60 km) :<\/strong><\/span> Village pittoresque surnom\u00e9 \u00ab\u00a0la Venise du Nord\u00a0\u00bb, Giethoorn est r\u00e9put\u00e9 pour ses maisons aux toits de chaume datant du XVII\u00e8me si\u00e8cle et ses fleurs color\u00e9es. Baladez-vous le long de ses ruelles du village ou en barque le long de ses nombreux canaux.[\/vc_column_text][\/vc_column_inner][\/vc_row_inner][vc_empty_space height=\u00a0\u00bb45px\u00a0\u00bb][vc_row_inner gap=\u00a0\u00bb30&Prime; css=\u00a0\u00bb.vc_custom_1606136785818{margin-left: -0.5px !important;background-color: #e8e8e8 !important;}\u00a0\u00bb][vc_column_inner width=\u00a0\u00bb2\/3&Prime;][vc_column_text css=\u00a0\u00bb.vc_custom_1606137055618{padding-top: 15px !important;padding-right: 15px !important;padding-bottom: 15px !important;padding-left: 15px !important;}\u00a0\u00bb]<\/p>\n<h4>Activit\u00e9s sportives<\/h4>\n<p>[\/vc_column_text][vc_empty_space height=\u00a0\u00bb60px\u00a0\u00bb][vc_column_text]Les amateurs de randonn\u00e9e seront conquis par les <strong>nombreux sentiers<\/strong> accessibles aux abords du camping offrant des <strong>paysages<\/strong> \u00e0 couper le souffle. Les Chalets De Roos sont \u00e9galement un point de d\u00e9part id\u00e9al pour les coureurs, les cyclistes et les nageurs qui pourront profitez de l&rsquo;eau claire de la rivi\u00e8re Overijsselse Vecht.[\/vc_column_text][\/vc_column_inner][vc_column_inner width=\u00a0\u00bb1\/3&Prime;][vc_masonry_media_grid element_width=\u00a0\u00bb12&Prime; gap=\u00a0\u00bb0&Prime; grid_id=\u00a0\u00bbvc_gid:1636024218686-dd27a4ca-57ad-3&Prime; include=\u00a0\u00bb277&Prime;][\/vc_column_inner][\/vc_row_inner][vc_empty_space height=\u00a0\u00bb45px\u00a0\u00bb][vc_row_inner gap=\u00a0\u00bb30&Prime; css=\u00a0\u00bb.vc_custom_1606136780848{margin-left: -0.5px !important;}\u00a0\u00bb][vc_column_inner width=\u00a0\u00bb1\/3&Prime;][vc_masonry_media_grid element_width=\u00a0\u00bb12&Prime; gap=\u00a0\u00bb0&Prime; grid_id=\u00a0\u00bbvc_gid:1636024218688-d7201be3-3dbf-5&Prime; include=\u00a0\u00bb273&Prime;][\/vc_column_inner][vc_column_inner width=\u00a0\u00bb2\/3&Prime;][vc_column_text]<\/p>\n<h4>Avec les enfants<\/h4>\n<p>[\/vc_column_text][vc_empty_space height=\u00a0\u00bb50px\u00a0\u00bb][vc_column_text]<span style=\"color: #23afc2;\"><strong>Kabouterland :<\/strong><\/span> Au c\u0153ur du village d&rsquo;Exloo, passez une belle journ\u00e9e en famille \u00e0 la d\u00e9couverte des animaux mystiques de la r\u00e9gion ; gnomes, trolls, et jeux en tout genre !<\/p>\n<p><span style=\"color: #23afc2;\"><strong>Kruidenhoeve :<\/strong><\/span> partez pour une petite pause botanique, \u00e0 la d\u00e9couverte des jardins bois\u00e9s, des potagers, des herbes aromatiques, des sentiers ludiques et de ses animaux (abeilles, papillons, \u00e2nes\u2026).[\/vc_column_text][\/vc_column_inner][\/vc_row_inner][vc_empty_space height=\u00a0\u00bb30px\u00a0\u00bb]<div class=\"text-center btnwrap\"><a class=\"btn btn-huttopia-cta\" href=\"https:\/\/checkout.campings-nature.com\/site\/fr\/932\" role=\"button\" target=\"\" onclick=\"dataLayer.push({'event':'clickCity', 'clickText':'R\u00e9servez votre s\u00e9jour'})\">R\u00e9servez votre s\u00e9jour<\/a><\/div><\/div>[\/vc_column][\/vc_row]<\/p>\n<\/div>","protected":false},"excerpt":{"rendered":"<p>[vc_row][vc_column][vc_single_image image=\u00a0\u00bb265&Prime; img_size=\u00a0\u00bb1900&#215;500&Prime; alignment=\u00a0\u00bbcenter\u00a0\u00bb][\/vc_column][\/vc_row][vc_row][vc_column][\/vc_column][\/vc_row]<\/p>\n","protected":false},"author":4,"featured_media":0,"parent":0,"menu_order":0,"comment_status":"closed","ping_status":"closed","template":"","meta":{"footnotes":""},"class_list":["post-22","page","type-page","status-publish","hentry"],"yoast_head":"<!-- This site is optimized with the Yoast SEO plugin v25.6 - https:\/\/yoast.com\/wordpress\/plugins\/seo\/ -->\n<title>R\u00e9gion - Chalets De Roos<\/title>\n<meta name=\"description\" content=\"D\u00e9couvrez les alentours du Camping De Roos, la r\u00e9gion de Vechtal dans la province de Overijssel. Explorez l&#039;une des plus belles r\u00e9gions des Pays-Bas.\" \/>\n<meta name=\"robots\" content=\"index, follow, max-snippet:-1, max-image-preview:large, max-video-preview:-1\" \/>\n<link rel=\"canonical\" href=\"https:\/\/www.chaletsderoos.nl\/fr\/region\/\" \/>\n<meta property=\"og:locale\" content=\"fr_FR\" \/>\n<meta property=\"og:type\" content=\"article\" \/>\n<meta property=\"og:title\" content=\"R\u00e9gion - Chalets De Roos\" \/>\n<meta property=\"og:description\" content=\"D\u00e9couvrez les alentours du Camping De Roos, la r\u00e9gion de Vechtal dans la province de Overijssel. Explorez l&#039;une des plus belles r\u00e9gions des Pays-Bas.\" \/>\n<meta property=\"og:url\" content=\"https:\/\/www.chaletsderoos.nl\/fr\/region\/\" \/>\n<meta property=\"og:site_name\" content=\"Chalets De Roos\" \/>\n<meta property=\"article:modified_time\" content=\"2021-11-04T11:10:26+00:00\" \/>\n<meta name=\"twitter:card\" content=\"summary_large_image\" \/>\n<meta name=\"twitter:label1\" content=\"Est. reading time\" \/>\n\t<meta name=\"twitter:data1\" content=\"3 minutes\" \/>\n<script type=\"application\/ld+json\" class=\"yoast-schema-graph\">{\"@context\":\"https:\/\/schema.org\",\"@graph\":[{\"@type\":\"WebPage\",\"@id\":\"https:\/\/www.chaletsderoos.nl\/fr\/region\/\",\"url\":\"https:\/\/www.chaletsderoos.nl\/fr\/region\/\",\"name\":\"R\u00e9gion - Chalets De Roos\",\"isPartOf\":{\"@id\":\"https:\/\/www.chaletsderoos.nl\/fr\/#website\"},\"datePublished\":\"2020-11-23T08:50:52+00:00\",\"dateModified\":\"2021-11-04T11:10:26+00:00\",\"description\":\"D\u00e9couvrez les alentours du Camping De Roos, la r\u00e9gion de Vechtal dans la province de Overijssel. Explorez l'une des plus belles r\u00e9gions des Pays-Bas.\",\"breadcrumb\":{\"@id\":\"https:\/\/www.chaletsderoos.nl\/fr\/region\/#breadcrumb\"},\"inLanguage\":\"fr-FR\",\"potentialAction\":[{\"@type\":\"ReadAction\",\"target\":[\"https:\/\/www.chaletsderoos.nl\/fr\/region\/\"]}]},{\"@type\":\"BreadcrumbList\",\"@id\":\"https:\/\/www.chaletsderoos.nl\/fr\/region\/#breadcrumb\",\"itemListElement\":[{\"@type\":\"ListItem\",\"position\":1,\"name\":\"Home\",\"item\":\"https:\/\/www.chaletsderoos.nl\/fr\/\"},{\"@type\":\"ListItem\",\"position\":2,\"name\":\"R\u00e9gion\"}]},{\"@type\":\"WebSite\",\"@id\":\"https:\/\/www.chaletsderoos.nl\/fr\/#website\",\"url\":\"https:\/\/www.chaletsderoos.nl\/fr\/\",\"name\":\"Chalets De Roos\",\"description\":\"Un site utilisant Citykamp\",\"potentialAction\":[{\"@type\":\"SearchAction\",\"target\":{\"@type\":\"EntryPoint\",\"urlTemplate\":\"https:\/\/www.chaletsderoos.nl\/fr\/?s={search_term_string}\"},\"query-input\":{\"@type\":\"PropertyValueSpecification\",\"valueRequired\":true,\"valueName\":\"search_term_string\"}}],\"inLanguage\":\"fr-FR\"}]}<\/script>\n<!-- \/ Yoast SEO plugin. -->","yoast_head_json":{"title":"R\u00e9gion - Chalets De Roos","description":"D\u00e9couvrez les alentours du Camping De Roos, la r\u00e9gion de Vechtal dans la province de Overijssel. Explorez l'une des plus belles r\u00e9gions des Pays-Bas.","robots":{"index":"index","follow":"follow","max-snippet":"max-snippet:-1","max-image-preview":"max-image-preview:large","max-video-preview":"max-video-preview:-1"},"canonical":"https:\/\/www.chaletsderoos.nl\/fr\/region\/","og_locale":"fr_FR","og_type":"article","og_title":"R\u00e9gion - Chalets De Roos","og_description":"D\u00e9couvrez les alentours du Camping De Roos, la r\u00e9gion de Vechtal dans la province de Overijssel. Explorez l'une des plus belles r\u00e9gions des Pays-Bas.","og_url":"https:\/\/www.chaletsderoos.nl\/fr\/region\/","og_site_name":"Chalets De Roos","article_modified_time":"2021-11-04T11:10:26+00:00","twitter_card":"summary_large_image","twitter_misc":{"Est. reading time":"3 minutes"},"schema":{"@context":"https:\/\/schema.org","@graph":[{"@type":"WebPage","@id":"https:\/\/www.chaletsderoos.nl\/fr\/region\/","url":"https:\/\/www.chaletsderoos.nl\/fr\/region\/","name":"R\u00e9gion - Chalets De Roos","isPartOf":{"@id":"https:\/\/www.chaletsderoos.nl\/fr\/#website"},"datePublished":"2020-11-23T08:50:52+00:00","dateModified":"2021-11-04T11:10:26+00:00","description":"D\u00e9couvrez les alentours du Camping De Roos, la r\u00e9gion de Vechtal dans la province de Overijssel. Explorez l'une des plus belles r\u00e9gions des Pays-Bas.","breadcrumb":{"@id":"https:\/\/www.chaletsderoos.nl\/fr\/region\/#breadcrumb"},"inLanguage":"fr-FR","potentialAction":[{"@type":"ReadAction","target":["https:\/\/www.chaletsderoos.nl\/fr\/region\/"]}]},{"@type":"BreadcrumbList","@id":"https:\/\/www.chaletsderoos.nl\/fr\/region\/#breadcrumb","itemListElement":[{"@type":"ListItem","position":1,"name":"Home","item":"https:\/\/www.chaletsderoos.nl\/fr\/"},{"@type":"ListItem","position":2,"name":"R\u00e9gion"}]},{"@type":"WebSite","@id":"https:\/\/www.chaletsderoos.nl\/fr\/#website","url":"https:\/\/www.chaletsderoos.nl\/fr\/","name":"Chalets De Roos","description":"Un site utilisant Citykamp","potentialAction":[{"@type":"SearchAction","target":{"@type":"EntryPoint","urlTemplate":"https:\/\/www.chaletsderoos.nl\/fr\/?s={search_term_string}"},"query-input":{"@type":"PropertyValueSpecification","valueRequired":true,"valueName":"search_term_string"}}],"inLanguage":"fr-FR"}]}},"_links":{"self":[{"href":"https:\/\/www.chaletsderoos.nl\/fr\/wp-json\/wp\/v2\/pages\/22","targetHints":{"allow":["GET"]}}],"collection":[{"href":"https:\/\/www.chaletsderoos.nl\/fr\/wp-json\/wp\/v2\/pages"}],"about":[{"href":"https:\/\/www.chaletsderoos.nl\/fr\/wp-json\/wp\/v2\/types\/page"}],"author":[{"embeddable":true,"href":"https:\/\/www.chaletsderoos.nl\/fr\/wp-json\/wp\/v2\/users\/4"}],"replies":[{"embeddable":true,"href":"https:\/\/www.chaletsderoos.nl\/fr\/wp-json\/wp\/v2\/comments?post=22"}],"version-history":[{"count":3,"href":"https:\/\/www.chaletsderoos.nl\/fr\/wp-json\/wp\/v2\/pages\/22\/revisions"}],"predecessor-version":[{"id":783,"href":"https:\/\/www.chaletsderoos.nl\/fr\/wp-json\/wp\/v2\/pages\/22\/revisions\/783"}],"wp:attachment":[{"href":"https:\/\/www.chaletsderoos.nl\/fr\/wp-json\/wp\/v2\/media?parent=22"}],"curies":[{"name":"wp","href":"https:\/\/api.w.org\/{rel}","templated":true}]}}